{"id":877,"date":"2016-11-03T09:33:33","date_gmt":"2016-11-03T09:33:33","guid":{"rendered":"https:\/\/reykjavikroasters.is\/um-okkur-2\/"},"modified":"2017-05-24T09:08:56","modified_gmt":"2017-05-24T09:08:56","slug":"um-okkur-2","status":"publish","type":"page","link":"https:\/\/reykjavikroasters.is\/en\/um-okkur-2\/","title":{"rendered":"ABOUT US"},"content":{"rendered":"<div class=\"wpb-content-wrapper\">[mk_page_section bg_image=&#8221;https:\/\/reykjavikroasters.is\/wp-content\/uploads\/2016\/11\/coffee-title.jpg&#8221; bg_position=&#8221;center bottom&#8221; bg_repeat=&#8221;no-repeat&#8221; bg_stretch=&#8221;true&#8221; enable_3d=&#8221;true&#8221; video_loop=&#8221;false&#8221; video_color_mask=&#8221;#000000&#8243; min_height=&#8221;300&#8243; js_vertical_centered=&#8221;true&#8221; padding_top=&#8221;0&#8243; sidebar=&#8221;sidebar-1&#8243;][vc_column][mk_ornamental_title tag_name=&#8221;h1&#8243; text_color=&#8221;#ffffff&#8221; font_family=&#8221;Abel&#8221; font_type=&#8221;google&#8221; font_size=&#8221;44&#8243; font_weight=&#8221;300&#8243; ornament_style=&#8221;lemo-single&#8221; nss_align=&#8221;center&#8221; ornament_color=&#8221;#ffffff&#8221;]IDEOLOGY[\/mk_ornamental_title][\/vc_column][\/mk_page_section][mk_page_section bg_image=&#8221;https:\/\/reykjavikroasters.is\/wp-content\/uploads\/2016\/11\/bg-baunir.jpg&#8221; bg_stretch=&#8221;true&#8221; sidebar=&#8221;sidebar-1&#8243;][vc_column][mk_padding_divider size=&#8221;55&#8243;][vc_row_inner][vc_column_inner width=&#8221;2\/3&#8243;][vc_column_text]\n<p class=\"p1\"><span class=\"s1\">There is something magical about a warm cup of coffee. Enjoying it can be a complex ritual but also a simple feeling. We at Reykjav\u00edk Roasters try to recreate that feeling through every cup of coffee we offer you. <\/span><\/p>\n<p class=\"p1\"><span class=\"s1\">The concept behind our company is a simple one: we want to import good beans, roast them with care and brew them to the best of our abilities for the enjoyment of ourselves and all people who appreciate great coffee. <\/span><\/p>\n[\/vc_column_text][mk_button dimension=&#8221;outline&#8221; corner_style=&#8221;rounded&#8221; size=&#8221;large&#8221; url=&#8221;https:\/\/reykjavikroasters.is\/en\/hvadan-kemur-kaffid\/&#8221; outline_skin=&#8221;custom&#8221; outline_active_text_color=&#8221;#773d03&#8243; outline_hover_bg_color=&#8221;#773d03&#8243; outline_hover_color=&#8221;#ffffff&#8221;]WHERE DOES OUR COFFEE COME FROM?[\/mk_button][\/vc_column_inner][vc_column_inner width=&#8221;1\/3&#8243;][\/vc_column_inner][\/vc_row_inner][mk_padding_divider size=&#8221;55&#8243;][\/vc_column][\/mk_page_section][mk_page_section bg_image=&#8221;https:\/\/reykjavikroasters.is\/wp-content\/uploads\/2016\/11\/roasting-coffee2.jpg&#8221; bg_repeat=&#8221;no-repeat&#8221; bg_stretch=&#8221;true&#8221; enable_3d=&#8221;true&#8221; video_color_mask=&#8221;#000000&#8243; min_height=&#8221;300&#8243; js_vertical_centered=&#8221;true&#8221; sidebar=&#8221;sidebar-1&#8243;][vc_column][mk_ornamental_title text_color=&#8221;#ffffff&#8221; font_family=&#8221;Abel&#8221; font_type=&#8221;google&#8221; font_size=&#8221;44&#8243; font_weight=&#8221;300&#8243; ornament_style=&#8221;lemo-single&#8221; nss_align=&#8221;center&#8221; ornament_color=&#8221;#ffffff&#8221;]KNOWLEDGE SEEKING[\/mk_ornamental_title][\/vc_column][\/mk_page_section][mk_page_section layout_structure=&#8221;half_right&#8221; bg_image=&#8221;https:\/\/reykjavikroasters.is\/wp-content\/uploads\/2016\/11\/roasting-coffee.jpg&#8221;][vc_column][mk_padding_divider size=&#8221;55&#8243;][vc_column_text]However, a lot of work goes into every cup you taste. To achieve the perfect brew we take every step with great attention, in order to give both our beans and our customers the best treatment they deserve. Every batch of bean is carefully studied and roasted trying different profiles until we find the one that highlights to perfection the best qualities of the beans. A lot of time and effort also goes into individually training our staff, so that they can put their skills and knowledge at the service of our customers.[\/vc_column_text][mk_button dimension=&#8221;outline&#8221; corner_style=&#8221;rounded&#8221; size=&#8221;large&#8221; url=&#8221;https:\/\/reykjavikroasters.is\/en\/frodleikur\/&#8221; outline_skin=&#8221;custom&#8221; outline_active_text_color=&#8221;#773d03&#8243; outline_hover_bg_color=&#8221;#773d03&#8243; outline_hover_color=&#8221;#ffffff&#8221;]KNOWLEDGE[\/mk_button][mk_padding_divider size=&#8221;55&#8243;][\/vc_column][\/mk_page_section][mk_page_section bg_image=&#8221;https:\/\/reykjavikroasters.is\/wp-content\/uploads\/2016\/09\/rvk-roasters-home2.jpg&#8221; bg_repeat=&#8221;no-repeat&#8221; bg_stretch=&#8221;true&#8221; enable_3d=&#8221;true&#8221; video_loop=&#8221;false&#8221; video_color_mask=&#8221;#000000&#8243; min_height=&#8221;300&#8243; js_vertical_centered=&#8221;true&#8221; sidebar=&#8221;sidebar-1&#8243;][vc_column][mk_ornamental_title text_color=&#8221;#ffffff&#8221; font_family=&#8221;Abel&#8221; font_type=&#8221;google&#8221; font_size=&#8221;44&#8243; font_weight=&#8221;300&#8243; ornament_style=&#8221;lemo-single&#8221; nss_align=&#8221;center&#8221; ornament_color=&#8221;#ffffff&#8221;]GOALS AND VALUES[\/mk_ornamental_title][\/vc_column][\/mk_page_section][mk_page_section layout_structure=&#8221;half_right&#8221; bg_image=&#8221;https:\/\/reykjavikroasters.is\/wp-content\/uploads\/2016\/11\/brautarholt-7.jpg&#8221;][vc_column][mk_padding_divider size=&#8221;55&#8243;][vc_column_text]\n<p class=\"p1\"><span class=\"s1\">The company was originally founded in 2008, when it was called Kaffismi\u00f0ja \u00cdslands. The caf\u00e9 quickly became popular in the downtown Reykjav\u00edk scene and in 2013 it underwent rebranding. Reykjav\u00edk Roasters was born with the intention to import good coffee produced in full respect of both human beings and nature. That\u2019s why we hand-pick coffee farms abroad and we try to be as environmentally friendly as possible. <\/span><\/p>\n<p class=\"p1\"><span class=\"s1\">Producing and selling as much as possible is not our goal. Instead, we are all about creating a challenging but enjoyable workplace for owners, staff and customers, where we can keep improving our skills as well as having fun. That\u2019s why Reykjav\u00edk Roasters is first and foremost an idea \u2013 a feeling that always stays with you like the lingering taste of a good cup of coffee. <\/span><\/p>\n[\/vc_column_text][mk_padding_divider size=&#8221;55&#8243;][\/vc_column][\/mk_page_section]\n<\/div>","protected":false},"excerpt":{"rendered":"<p>[mk_page_section bg_image=&#8221;https:\/\/reykjavikroasters.is\/wp-content\/uploads\/2016\/11\/coffee-title.jpg&#8221; bg_position=&#8221;center bottom&#8221; bg_repeat=&#8221;no-repeat&#8221; bg_stretch=&#8221;true&#8221; enable_3d=&#8221;true&#8221; video_loop=&#8221;false&#8221; video_color_mask=&#8221;#000000&#8243; min_height=&#8221;300&#8243; js_vertical_centered=&#8221;true&#8221; padding_top=&#8221;0&#8243; sidebar=&#8221;sidebar-1&#8243;][vc_column][mk_ornamental_title tag_name=&#8221;h1&#8243; text_color=&#8221;#ffffff&#8221; font_family=&#8221;Abel&#8221; font_type=&#8221;google&#8221; font_size=&#8221;44&#8243; font_weight=&#8221;300&#8243; ornament_style=&#8221;lemo-single&#8221; nss_align=&#8221;center&#8221; ornament_color=&#8221;#ffffff&#8221;]IDEOLOGY[\/mk_ornamental_title][\/vc_column][\/mk_page_section][mk_page_section bg_image=&#8221;https:\/\/reykjavikroasters.is\/wp-content\/uploads\/2016\/11\/bg-baunir.jpg&#8221; bg_stretch=&#8221;true&#8221; sidebar=&#8221;sidebar-1&#8243;][vc_column][mk_padding_divider size=&#8221;55&#8243;][vc_row_inner][vc_column_inner width=&#8221;2\/3&#8243;][vc_column_text] There is something magical about a warm cup of coffee. Enjoying it can be a complex ritual but also a simple feeling. We at Reykjav\u00edk Roasters try to [&hellip;]<\/p>\n","protected":false},"author":1,"featured_media":0,"parent":0,"menu_order":0,"comment_status":"closed","ping_status":"closed","template":"","meta":{"_monsterinsights_skip_tracking":false,"_monsterinsights_sitenote_active":false,"_monsterinsights_sitenote_note":"","_monsterinsights_sitenote_category":0,"footnotes":""},"class_list":["post-877","page","type-page","status-publish","hentry"],"yoast_head":"<!-- This site is optimized with the Yoast SEO plugin v27.1.1 - https:\/\/yoast.com\/product\/yoast-seo-wordpress\/ -->\n<title>ABOUT US - reykjavikroasters.is<\/title>\n<meta name=\"robots\" content=\"index, follow, max-snippet:-1, max-image-preview:large, max-video-preview:-1\" \/>\n<link rel=\"canonical\" href=\"https:\/\/reykjavikroasters.is\/en\/um-okkur-2\/\" \/>\n<meta property=\"og:locale\" content=\"en_US\" \/>\n<meta property=\"og:type\" content=\"article\" \/>\n<meta property=\"og:title\" content=\"ABOUT US - reykjavikroasters.is\" \/>\n<meta property=\"og:description\" content=\"[mk_page_section bg_image=&#8221;https:\/\/reykjavikroasters.is\/wp-content\/uploads\/2016\/11\/coffee-title.jpg&#8221; bg_position=&#8221;center bottom&#8221; bg_repeat=&#8221;no-repeat&#8221; bg_stretch=&#8221;true&#8221; enable_3d=&#8221;true&#8221; video_loop=&#8221;false&#8221; video_color_mask=&#8221;#000000&#8243; min_height=&#8221;300&#8243; js_vertical_centered=&#8221;true&#8221; padding_top=&#8221;0&#8243; sidebar=&#8221;sidebar-1&#8243;][vc_column][mk_ornamental_title tag_name=&#8221;h1&#8243; text_color=&#8221;#ffffff&#8221; font_family=&#8221;Abel&#8221; font_type=&#8221;google&#8221; font_size=&#8221;44&#8243; font_weight=&#8221;300&#8243; ornament_style=&#8221;lemo-single&#8221; nss_align=&#8221;center&#8221; ornament_color=&#8221;#ffffff&#8221;]IDEOLOGY[\/mk_ornamental_title][\/vc_column][\/mk_page_section][mk_page_section bg_image=&#8221;https:\/\/reykjavikroasters.is\/wp-content\/uploads\/2016\/11\/bg-baunir.jpg&#8221; bg_stretch=&#8221;true&#8221; sidebar=&#8221;sidebar-1&#8243;][vc_column][mk_padding_divider size=&#8221;55&#8243;][vc_row_inner][vc_column_inner width=&#8221;2\/3&#8243;][vc_column_text] There is something magical about a warm cup of coffee. Enjoying it can be a complex ritual but also a simple feeling. We at Reykjav\u00edk Roasters try to [&hellip;]\" \/>\n<meta property=\"og:url\" content=\"https:\/\/reykjavikroasters.is\/en\/um-okkur-2\/\" \/>\n<meta property=\"og:site_name\" content=\"reykjavikroasters.is\" \/>\n<meta property=\"article:publisher\" content=\"https:\/\/www.facebook.com\/ReykjavikRoasters\/\" \/>\n<meta property=\"article:modified_time\" content=\"2017-05-24T09:08:56+00:00\" \/>\n<meta property=\"og:image\" content=\"https:\/\/reykjavikroasters.is\/wp-content\/uploads\/2017\/05\/to-go-bolli.jpg\" \/>\n\t<meta property=\"og:image:width\" content=\"1200\" \/>\n\t<meta property=\"og:image:height\" content=\"800\" \/>\n\t<meta property=\"og:image:type\" content=\"image\/jpeg\" \/>\n<meta name=\"twitter:card\" content=\"summary_large_image\" \/>\n<meta name=\"twitter:site\" content=\"@RvkRoasters\" \/>\n<meta name=\"twitter:label1\" content=\"Est. reading time\" \/>\n\t<meta name=\"twitter:data1\" content=\"4 minutes\" \/>\n<script type=\"application\/ld+json\" class=\"yoast-schema-graph\">{\"@context\":\"https:\/\/schema.org\",\"@graph\":[{\"@type\":\"WebPage\",\"@id\":\"https:\/\/reykjavikroasters.is\/en\/um-okkur-2\/\",\"url\":\"https:\/\/reykjavikroasters.is\/en\/um-okkur-2\/\",\"name\":\"ABOUT US - reykjavikroasters.is\",\"isPartOf\":{\"@id\":\"https:\/\/reykjavikroasters.is\/#website\"},\"datePublished\":\"2016-11-03T09:33:33+00:00\",\"dateModified\":\"2017-05-24T09:08:56+00:00\",\"breadcrumb\":{\"@id\":\"https:\/\/reykjavikroasters.is\/en\/um-okkur-2\/#breadcrumb\"},\"inLanguage\":\"en-US\",\"potentialAction\":[{\"@type\":\"ReadAction\",\"target\":[\"https:\/\/reykjavikroasters.is\/en\/um-okkur-2\/\"]}]},{\"@type\":\"BreadcrumbList\",\"@id\":\"https:\/\/reykjavikroasters.is\/en\/um-okkur-2\/#breadcrumb\",\"itemListElement\":[{\"@type\":\"ListItem\",\"position\":1,\"name\":\"Home\",\"item\":\"https:\/\/reykjavikroasters.is\/en\/\"},{\"@type\":\"ListItem\",\"position\":2,\"name\":\"ABOUT US\"}]},{\"@type\":\"WebSite\",\"@id\":\"https:\/\/reykjavikroasters.is\/#website\",\"url\":\"https:\/\/reykjavikroasters.is\/\",\"name\":\"reykjavikroasters.is\",\"description\":\"\",\"potentialAction\":[{\"@type\":\"SearchAction\",\"target\":{\"@type\":\"EntryPoint\",\"urlTemplate\":\"https:\/\/reykjavikroasters.is\/?s={search_term_string}\"},\"query-input\":{\"@type\":\"PropertyValueSpecification\",\"valueRequired\":true,\"valueName\":\"search_term_string\"}}],\"inLanguage\":\"en-US\"}]}<\/script>\n<!-- \/ Yoast SEO plugin. -->","yoast_head_json":{"title":"ABOUT US - reykjavikroasters.is","robots":{"index":"index","follow":"follow","max-snippet":"max-snippet:-1","max-image-preview":"max-image-preview:large","max-video-preview":"max-video-preview:-1"},"canonical":"https:\/\/reykjavikroasters.is\/en\/um-okkur-2\/","og_locale":"en_US","og_type":"article","og_title":"ABOUT US - reykjavikroasters.is","og_description":"[mk_page_section bg_image=&#8221;https:\/\/reykjavikroasters.is\/wp-content\/uploads\/2016\/11\/coffee-title.jpg&#8221; bg_position=&#8221;center bottom&#8221; bg_repeat=&#8221;no-repeat&#8221; bg_stretch=&#8221;true&#8221; enable_3d=&#8221;true&#8221; video_loop=&#8221;false&#8221; video_color_mask=&#8221;#000000&#8243; min_height=&#8221;300&#8243; js_vertical_centered=&#8221;true&#8221; padding_top=&#8221;0&#8243; sidebar=&#8221;sidebar-1&#8243;][vc_column][mk_ornamental_title tag_name=&#8221;h1&#8243; text_color=&#8221;#ffffff&#8221; font_family=&#8221;Abel&#8221; font_type=&#8221;google&#8221; font_size=&#8221;44&#8243; font_weight=&#8221;300&#8243; ornament_style=&#8221;lemo-single&#8221; nss_align=&#8221;center&#8221; ornament_color=&#8221;#ffffff&#8221;]IDEOLOGY[\/mk_ornamental_title][\/vc_column][\/mk_page_section][mk_page_section bg_image=&#8221;https:\/\/reykjavikroasters.is\/wp-content\/uploads\/2016\/11\/bg-baunir.jpg&#8221; bg_stretch=&#8221;true&#8221; sidebar=&#8221;sidebar-1&#8243;][vc_column][mk_padding_divider size=&#8221;55&#8243;][vc_row_inner][vc_column_inner width=&#8221;2\/3&#8243;][vc_column_text] There is something magical about a warm cup of coffee. Enjoying it can be a complex ritual but also a simple feeling. We at Reykjav\u00edk Roasters try to [&hellip;]","og_url":"https:\/\/reykjavikroasters.is\/en\/um-okkur-2\/","og_site_name":"reykjavikroasters.is","article_publisher":"https:\/\/www.facebook.com\/ReykjavikRoasters\/","article_modified_time":"2017-05-24T09:08:56+00:00","og_image":[{"width":1200,"height":800,"url":"https:\/\/reykjavikroasters.is\/wp-content\/uploads\/2017\/05\/to-go-bolli.jpg","type":"image\/jpeg"}],"twitter_card":"summary_large_image","twitter_site":"@RvkRoasters","twitter_misc":{"Est. reading time":"4 minutes"},"schema":{"@context":"https:\/\/schema.org","@graph":[{"@type":"WebPage","@id":"https:\/\/reykjavikroasters.is\/en\/um-okkur-2\/","url":"https:\/\/reykjavikroasters.is\/en\/um-okkur-2\/","name":"ABOUT US - reykjavikroasters.is","isPartOf":{"@id":"https:\/\/reykjavikroasters.is\/#website"},"datePublished":"2016-11-03T09:33:33+00:00","dateModified":"2017-05-24T09:08:56+00:00","breadcrumb":{"@id":"https:\/\/reykjavikroasters.is\/en\/um-okkur-2\/#breadcrumb"},"inLanguage":"en-US","potentialAction":[{"@type":"ReadAction","target":["https:\/\/reykjavikroasters.is\/en\/um-okkur-2\/"]}]},{"@type":"BreadcrumbList","@id":"https:\/\/reykjavikroasters.is\/en\/um-okkur-2\/#breadcrumb","itemListElement":[{"@type":"ListItem","position":1,"name":"Home","item":"https:\/\/reykjavikroasters.is\/en\/"},{"@type":"ListItem","position":2,"name":"ABOUT US"}]},{"@type":"WebSite","@id":"https:\/\/reykjavikroasters.is\/#website","url":"https:\/\/reykjavikroasters.is\/","name":"reykjavikroasters.is","description":"","potentialAction":[{"@type":"SearchAction","target":{"@type":"EntryPoint","urlTemplate":"https:\/\/reykjavikroasters.is\/?s={search_term_string}"},"query-input":{"@type":"PropertyValueSpecification","valueRequired":true,"valueName":"search_term_string"}}],"inLanguage":"en-US"}]}},"_links":{"self":[{"href":"https:\/\/reykjavikroasters.is\/en\/wp-json\/wp\/v2\/pages\/877","targetHints":{"allow":["GET"]}}],"collection":[{"href":"https:\/\/reykjavikroasters.is\/en\/wp-json\/wp\/v2\/pages"}],"about":[{"href":"https:\/\/reykjavikroasters.is\/en\/wp-json\/wp\/v2\/types\/page"}],"author":[{"embeddable":true,"href":"https:\/\/reykjavikroasters.is\/en\/wp-json\/wp\/v2\/users\/1"}],"replies":[{"embeddable":true,"href":"https:\/\/reykjavikroasters.is\/en\/wp-json\/wp\/v2\/comments?post=877"}],"version-history":[{"count":0,"href":"https:\/\/reykjavikroasters.is\/en\/wp-json\/wp\/v2\/pages\/877\/revisions"}],"wp:attachment":[{"href":"https:\/\/reykjavikroasters.is\/en\/wp-json\/wp\/v2\/media?parent=877"}],"curies":[{"name":"wp","href":"https:\/\/api.w.org\/{rel}","templated":true}]}}