{"id":600,"date":"2017-01-11T14:14:40","date_gmt":"2017-01-11T14:14:40","guid":{"rendered":"https:\/\/reykjavikroasters.is\/skilmalar\/"},"modified":"2020-03-14T17:28:56","modified_gmt":"2020-03-14T17:28:56","slug":"skilmalar","status":"publish","type":"page","link":"https:\/\/reykjavikroasters.is\/en\/skilmalar\/","title":{"rendered":"Terms &#038; conditions"},"content":{"rendered":"<p class=\"p1\"><b><\/b><span class=\"s1\">Reykjav\u00edk Roasters reserves the right not to process orders for any reason (for instance if a product is sold out) as well as to change prices and range of products at any given time. In that case the customer will either be reimbursed or he will have the possibility to choose a different product.<\/span><\/p>\n<p class=\"p1\"><span class=\"s1\"><b>About the retailer<\/b>.<\/span><\/p>\n<p class=\"p1\"><span class=\"s1\">The retailer is Kaffismi\u00f0ja \u00cdslands ehf., social security number 500708-0690, located in K\u00e1rastigur 1, 101 Reykjav\u00edk, and Brautarholt 2, 105 Reykjav\u00edk. We roast and sell coffee, brewing equipment and a range of products that any coffee aficionado might require. Furthermore, we provide advice on everything that concerns coffee, the roasting process or anything that relates to the coffee industry. <\/span><\/p>\n<p class=\"p1\"><span class=\"s1\"><b>Our Freshness Promise.<\/b><\/span><\/p>\n<p class=\"p1\"><span class=\"s1\">The coffee you buy from our online shop is between 4 to 14 days old. It\u2019s best to consume it within four weeks from its roasting date.<\/span><\/p>\n<p class=\"p1\"><span class=\"s1\"><b>Return Policy.<\/b><\/span><\/p>\n<p class=\"p1\"><span class=\"s1\">The customers have no longer than 7 days to cancel their order, provided that the product hasn\u2019t been opened or used and that the product is returned in good conditions and its original package; that the receipt is returned as well. Said countdown begins once the product is delivered to the registered recipient.<br \/>\nThe product is then fully refunded within 14 days after it\u2019s been returned but only if the above conditions are met. Sending a product back is the responsibility of the customers, who are also in charge of the cost, unless they received either the wrong product or a damaged one. <span class=\"Apple-converted-space\">\u00a0 \u00a0<\/span><\/span><\/p>\n<p class=\"p1\"><span class=\"s1\"><b>Prices<\/b>. <\/span><\/p>\n<p class=\"p1\"><span class=\"s1\">All prices in the online store are in Icelandic crowns and they include VAT. Prices are published with a disclaimer about possible typos. The prices can also change at any time without any notice, for instance because of wrong price indications or incorrect information, in accordance to the provisions above. <\/span><\/p>\n<p class=\"p1\"><span class=\"s1\"><b>Payment<\/b>.<\/span><\/p>\n<p class=\"p1\"><span class=\"s1\">The retailer uses a safe payment system from Valitor. It is possible to pay with any credit card from all the main credit card companies, or via bank transfer. Once the payment has been received, the customer receives an email or sms to confirm the order has gone through. <\/span><\/p>\n<p class=\"p1\"><span class=\"s1\"><b>Ownership Disclaimer<\/b>.<\/span><\/p>\n<p class=\"p1\"><span class=\"s1\">Sold goods are the property of the retailer until the customer has fully completed his or her purchase. <\/span><\/p>\n<p class=\"p1\"><span class=\"s1\"><b>Confidentiality<\/b>. <\/span><\/p>\n<p class=\"p1\"><span class=\"s1\">The retailer respects the confidentiality of all customer\u2019s information which have been provided during the transaction. <\/span><\/p>\n<p class=\"p1\"><span class=\"s1\"><b>Legal Provisions<\/b>. <\/span><\/p>\n<p class=\"p1\"><span class=\"s1\">Laws that apply to this Terms are the following: provisions on distance and online sales nr. 96\/1992, provisions on online purchases nr. 50\/2000, and provisions on customer purchases nr. 48\/2003, as applicable.<span class=\"Apple-converted-space\">\u00a0 <\/span>The countdown on all the deadlines mentioned in the law nr. 96\/1992 begins when the products have been received. <\/span><\/p>\n<p class=\"p1\"><span class=\"s1\"><b>Copyright<\/b>.<\/span><\/p>\n<p class=\"p1\"><span class=\"s1\">All content found on <a href=\"http:\/\/www.reykjavikroasters.is\"><span class=\"s2\">www.reykjavikroasters.is<\/span><\/a> (which include but are not limited to texts, graphics, logos and pictures) is the property of Kaffismi\u00f0ja \u00cdslands ehf.<\/span><\/p>\n<p class=\"p1\"><span class=\"s1\"><b>Legal Jurisdiction<\/b>.<\/span><\/p>\n<p class=\"p1\"><span class=\"s1\">This agreement is in accordance with Icelandic law. Any court case against it shall be brought forward to the District Court of Reykjav\u00edk. These terms are valid from 01.04.2017. For more information please contact us at mail@reykjavikroasters.is : we will answer as soon as we can. <\/span><\/p>\n<p class=\"p1\"><span class=\"s1\"><b>Shipping Days<\/b>.<\/span><\/p>\n<p class=\"p1\"><span class=\"s1\">We send all products purchased on our online shop two business days after the purchase is completed. If the customer wants the coffee to be shipped already ground we recommend them to let us know how they intend to brew the coffee (fill in the \u201ccomments\u201d section before you complete your purchase) so that we can adjust the grinder\u2019s setting accordingly. <\/span><\/p>\n<p class=\"p1\"><span class=\"s1\"><b>Sending Costs<\/b>.<\/span><\/p>\n<p class=\"p1\"><span class=\"s1\">Shipping costs are waived on orders of 8.000kr or more. In any other case the sending costs within Iceland will be of 990kr regardless of postal code. <\/span><\/p>\n<p class=\"p1\"><span class=\"s1\"><b>Shipping Abroad<\/b>. <\/span><\/p>\n<p class=\"p1\"><span class=\"s1\">Orders that are shipped to foreign countries do not include VAT. Shipping costs are added to the total price before the payment is made. Products are shipped via airmail and shipping costs are as following:<\/span><\/p>\n<p class=\"p1\"><span class=\"s1\">Nordic Countries: 3800 kr;<\/span><span class=\"s1\"><br \/>\n<\/span><span class=\"s1\">Europe (excluding Russia): 3800 kr;<br \/>\n<\/span><span class=\"s1\">North America: 3800 kr;<br \/>\n<\/span><span class=\"s1\">Central &amp; South America: 4800 kr;<br \/>\n<\/span><span class=\"s1\">Africa &amp; Middle East: 4800 kr;<br \/>\n<\/span><span class=\"s1\">Asia &amp; Russia: 4800 kr;<br \/>\n<\/span><span class=\"s1\">Oceania: 5200 kr.<\/span><\/p>\n","protected":false},"excerpt":{"rendered":"<p>Reykjav\u00edk Roasters reserves the right not to process orders for any reason (for instance if a product is sold out) as well as to change prices and range of products at any given time. In that case the customer will either be reimbursed or he will have the possibility to choose a different product. About [&hellip;]<\/p>\n","protected":false},"author":1,"featured_media":0,"parent":0,"menu_order":0,"comment_status":"closed","ping_status":"closed","template":"","meta":{"_monsterinsights_skip_tracking":false,"_monsterinsights_sitenote_active":false,"_monsterinsights_sitenote_note":"","_monsterinsights_sitenote_category":0,"footnotes":""},"class_list":["post-600","page","type-page","status-publish","hentry"],"yoast_head":"<!-- This site is optimized with the Yoast SEO plugin v27.1.1 - https:\/\/yoast.com\/product\/yoast-seo-wordpress\/ -->\n<title>Terms &amp; conditions - reykjavikroasters.is<\/title>\n<meta name=\"robots\" content=\"index, follow, max-snippet:-1, max-image-preview:large, max-video-preview:-1\" \/>\n<link rel=\"canonical\" href=\"https:\/\/reykjavikroasters.is\/en\/skilmalar\/\" \/>\n<meta property=\"og:locale\" content=\"en_US\" \/>\n<meta property=\"og:type\" content=\"article\" \/>\n<meta property=\"og:title\" content=\"Terms &amp; conditions - reykjavikroasters.is\" \/>\n<meta property=\"og:description\" content=\"Reykjav\u00edk Roasters reserves the right not to process orders for any reason (for instance if a product is sold out) as well as to change prices and range of products at any given time. In that case the customer will either be reimbursed or he will have the possibility to choose a different product. About [&hellip;]\" \/>\n<meta property=\"og:url\" content=\"https:\/\/reykjavikroasters.is\/en\/skilmalar\/\" \/>\n<meta property=\"og:site_name\" content=\"reykjavikroasters.is\" \/>\n<meta property=\"article:publisher\" content=\"https:\/\/www.facebook.com\/ReykjavikRoasters\/\" \/>\n<meta property=\"article:modified_time\" content=\"2020-03-14T17:28:56+00:00\" \/>\n<meta property=\"og:image\" content=\"https:\/\/reykjavikroasters.is\/wp-content\/uploads\/2017\/05\/to-go-bolli.jpg\" \/>\n\t<meta property=\"og:image:width\" content=\"1200\" \/>\n\t<meta property=\"og:image:height\" content=\"800\" \/>\n\t<meta property=\"og:image:type\" content=\"image\/jpeg\" \/>\n<meta name=\"twitter:card\" content=\"summary_large_image\" \/>\n<meta name=\"twitter:site\" content=\"@RvkRoasters\" \/>\n<meta name=\"twitter:label1\" content=\"Est. reading time\" \/>\n\t<meta name=\"twitter:data1\" content=\"3 minutes\" \/>\n<script type=\"application\/ld+json\" class=\"yoast-schema-graph\">{\"@context\":\"https:\/\/schema.org\",\"@graph\":[{\"@type\":\"WebPage\",\"@id\":\"https:\/\/reykjavikroasters.is\/en\/skilmalar\/\",\"url\":\"https:\/\/reykjavikroasters.is\/en\/skilmalar\/\",\"name\":\"Terms & conditions - reykjavikroasters.is\",\"isPartOf\":{\"@id\":\"https:\/\/reykjavikroasters.is\/#website\"},\"datePublished\":\"2017-01-11T14:14:40+00:00\",\"dateModified\":\"2020-03-14T17:28:56+00:00\",\"breadcrumb\":{\"@id\":\"https:\/\/reykjavikroasters.is\/en\/skilmalar\/#breadcrumb\"},\"inLanguage\":\"en-US\",\"potentialAction\":[{\"@type\":\"ReadAction\",\"target\":[\"https:\/\/reykjavikroasters.is\/en\/skilmalar\/\"]}]},{\"@type\":\"BreadcrumbList\",\"@id\":\"https:\/\/reykjavikroasters.is\/en\/skilmalar\/#breadcrumb\",\"itemListElement\":[{\"@type\":\"ListItem\",\"position\":1,\"name\":\"Home\",\"item\":\"https:\/\/reykjavikroasters.is\/en\/\"},{\"@type\":\"ListItem\",\"position\":2,\"name\":\"Terms &#038; conditions\"}]},{\"@type\":\"WebSite\",\"@id\":\"https:\/\/reykjavikroasters.is\/#website\",\"url\":\"https:\/\/reykjavikroasters.is\/\",\"name\":\"reykjavikroasters.is\",\"description\":\"\",\"potentialAction\":[{\"@type\":\"SearchAction\",\"target\":{\"@type\":\"EntryPoint\",\"urlTemplate\":\"https:\/\/reykjavikroasters.is\/?s={search_term_string}\"},\"query-input\":{\"@type\":\"PropertyValueSpecification\",\"valueRequired\":true,\"valueName\":\"search_term_string\"}}],\"inLanguage\":\"en-US\"}]}<\/script>\n<!-- \/ Yoast SEO plugin. -->","yoast_head_json":{"title":"Terms & conditions - reykjavikroasters.is","robots":{"index":"index","follow":"follow","max-snippet":"max-snippet:-1","max-image-preview":"max-image-preview:large","max-video-preview":"max-video-preview:-1"},"canonical":"https:\/\/reykjavikroasters.is\/en\/skilmalar\/","og_locale":"en_US","og_type":"article","og_title":"Terms & conditions - reykjavikroasters.is","og_description":"Reykjav\u00edk Roasters reserves the right not to process orders for any reason (for instance if a product is sold out) as well as to change prices and range of products at any given time. In that case the customer will either be reimbursed or he will have the possibility to choose a different product. About [&hellip;]","og_url":"https:\/\/reykjavikroasters.is\/en\/skilmalar\/","og_site_name":"reykjavikroasters.is","article_publisher":"https:\/\/www.facebook.com\/ReykjavikRoasters\/","article_modified_time":"2020-03-14T17:28:56+00:00","og_image":[{"width":1200,"height":800,"url":"https:\/\/reykjavikroasters.is\/wp-content\/uploads\/2017\/05\/to-go-bolli.jpg","type":"image\/jpeg"}],"twitter_card":"summary_large_image","twitter_site":"@RvkRoasters","twitter_misc":{"Est. reading time":"3 minutes"},"schema":{"@context":"https:\/\/schema.org","@graph":[{"@type":"WebPage","@id":"https:\/\/reykjavikroasters.is\/en\/skilmalar\/","url":"https:\/\/reykjavikroasters.is\/en\/skilmalar\/","name":"Terms & conditions - reykjavikroasters.is","isPartOf":{"@id":"https:\/\/reykjavikroasters.is\/#website"},"datePublished":"2017-01-11T14:14:40+00:00","dateModified":"2020-03-14T17:28:56+00:00","breadcrumb":{"@id":"https:\/\/reykjavikroasters.is\/en\/skilmalar\/#breadcrumb"},"inLanguage":"en-US","potentialAction":[{"@type":"ReadAction","target":["https:\/\/reykjavikroasters.is\/en\/skilmalar\/"]}]},{"@type":"BreadcrumbList","@id":"https:\/\/reykjavikroasters.is\/en\/skilmalar\/#breadcrumb","itemListElement":[{"@type":"ListItem","position":1,"name":"Home","item":"https:\/\/reykjavikroasters.is\/en\/"},{"@type":"ListItem","position":2,"name":"Terms &#038; conditions"}]},{"@type":"WebSite","@id":"https:\/\/reykjavikroasters.is\/#website","url":"https:\/\/reykjavikroasters.is\/","name":"reykjavikroasters.is","description":"","potentialAction":[{"@type":"SearchAction","target":{"@type":"EntryPoint","urlTemplate":"https:\/\/reykjavikroasters.is\/?s={search_term_string}"},"query-input":{"@type":"PropertyValueSpecification","valueRequired":true,"valueName":"search_term_string"}}],"inLanguage":"en-US"}]}},"_links":{"self":[{"href":"https:\/\/reykjavikroasters.is\/en\/wp-json\/wp\/v2\/pages\/600","targetHints":{"allow":["GET"]}}],"collection":[{"href":"https:\/\/reykjavikroasters.is\/en\/wp-json\/wp\/v2\/pages"}],"about":[{"href":"https:\/\/reykjavikroasters.is\/en\/wp-json\/wp\/v2\/types\/page"}],"author":[{"embeddable":true,"href":"https:\/\/reykjavikroasters.is\/en\/wp-json\/wp\/v2\/users\/1"}],"replies":[{"embeddable":true,"href":"https:\/\/reykjavikroasters.is\/en\/wp-json\/wp\/v2\/comments?post=600"}],"version-history":[{"count":1,"href":"https:\/\/reykjavikroasters.is\/en\/wp-json\/wp\/v2\/pages\/600\/revisions"}],"predecessor-version":[{"id":9441,"href":"https:\/\/reykjavikroasters.is\/en\/wp-json\/wp\/v2\/pages\/600\/revisions\/9441"}],"wp:attachment":[{"href":"https:\/\/reykjavikroasters.is\/en\/wp-json\/wp\/v2\/media?parent=600"}],"curies":[{"name":"wp","href":"https:\/\/api.w.org\/{rel}","templated":true}]}}