{"id":542,"date":"2016-11-03T09:33:19","date_gmt":"2016-11-03T09:33:19","guid":{"rendered":"https:\/\/reykjavikroasters.is\/um-okkur\/"},"modified":"2024-10-17T08:15:08","modified_gmt":"2024-10-17T08:15:08","slug":"um-okkur","status":"publish","type":"page","link":"https:\/\/reykjavikroasters.is\/en\/um-okkur\/","title":{"rendered":"LOCATIONS"},"content":{"rendered":"<div class=\"wpb-content-wrapper\">[mk_page_section bg_image=&#8221;https:\/\/reykjavikroasters.is\/wp-content\/uploads\/2016\/11\/header-um-okkur.jpg&#8221; bg_position=&#8221;center bottom&#8221; bg_repeat=&#8221;no-repeat&#8221; bg_stretch=&#8221;true&#8221; enable_3d=&#8221;true&#8221; min_height=&#8221;300&#8243; js_vertical_centered=&#8221;true&#8221; padding_top=&#8221;0&#8243; sidebar=&#8221;sidebar-1&#8243;][vc_column][mk_ornamental_title tag_name=&#8221;h1&#8243; text_color=&#8221;#3c2311&#8243; font_family=&#8221;Abel&#8221; font_type=&#8221;google&#8221; font_size=&#8221;44&#8243; font_weight=&#8221;300&#8243; ornament_style=&#8221;lemo-single&#8221; nss_align=&#8221;center&#8221; ornament_color=&#8221;#3c2311&#8243;]LOCATIONS[\/mk_ornamental_title][\/vc_column][\/mk_page_section][mk_page_section layout_structure=&#8221;half_right&#8221; bg_image=&#8221;https:\/\/reykjavikroasters.is\/wp-content\/uploads\/2018\/09\/asm-1.jpg&#8221; full_width=&#8221;true&#8221;][vc_column][mk_padding_divider size=&#8221;55&#8243;][mk_ornamental_title text_color=&#8221;#3c2311&#8243; font_family=&#8221;Abel&#8221; font_type=&#8221;google&#8221; font_size=&#8221;30&#8243; font_weight=&#8221;300&#8243; ornament_style=&#8221;lemo-single&#8221; nss_align=&#8221;center&#8221; ornament_color=&#8221;#3c2311&#8243;]\u00c1SMUNDARSALUR[\/mk_ornamental_title][mk_padding_divider size=&#8221;25&#8243;][vc_column_text css=&#8221;.vc_custom_1537823368781{margin-bottom: 0px !important;}&#8221;]The third caf\u00e9 opened in late September 2018 at Freyjugata. Creative arts and coffee consumption have for a long time held hand in hand, and for that reason we think it\u00b4s fitting to brew coffee for all art lovers arriving in \u00c1smundarsalur on Freyjugata 41. Our caf\u00e9 is located in the seating lounge on the first floor, there it\u00b4s possible to browse through art books and magazines about art spaning over many decades, while enjoying our quality coffee. We are proud to let our sweet coffee aroma fill this historical house.[\/vc_column_text][mk_padding_divider size=&#8221;25&#8243;][vc_row_inner column_padding=&#8221;1&#8243;][vc_column_inner width=&#8221;1\/4&#8243;][vc_icon icon_fontawesome=&#8221;fa fa-phone&#8221; color=&#8221;custom&#8221; size=&#8221;xl&#8221; align=&#8221;center&#8221; custom_color=&#8221;#979a9d&#8221;][\/vc_column_inner][vc_column_inner width=&#8221;3\/4&#8243;][mk_fancy_title size=&#8221;24&#8243; margin_bottom=&#8221;0&#8243; font_family=&#8221;none&#8221;][\/mk_fancy_title][\/vc_column_inner][\/vc_row_inner][mk_padding_divider size=&#8221;25&#8243;][vc_row_inner][vc_column_inner width=&#8221;1\/4&#8243;][vc_icon icon_fontawesome=&#8221;fa fa-clock-o&#8221; color=&#8221;custom&#8221; size=&#8221;xl&#8221; align=&#8221;center&#8221; custom_color=&#8221;#979a9d&#8221;][\/vc_column_inner][vc_column_inner width=&#8221;3\/4&#8243;][mk_fancy_title size=&#8221;24&#8243; margin_bottom=&#8221;0&#8243; font_family=&#8221;none&#8221;]Weekdays: 08:30 \u2013 16:00[\/mk_fancy_title][mk_fancy_title size=&#8221;24&#8243; margin_bottom=&#8221;0&#8243; font_family=&#8221;none&#8221;]Saturdays: 09:00 \u2013 17:00[\/mk_fancy_title][mk_fancy_title size=&#8221;24&#8243; margin_bottom=&#8221;0&#8243; font_family=&#8221;none&#8221;]Sundays: 09:00 \u2013 17:00[\/mk_fancy_title][\/vc_column_inner][\/vc_row_inner][mk_padding_divider size=&#8221;25&#8243;][vc_row_inner][vc_column_inner width=&#8221;1\/4&#8243;][vc_icon icon_fontawesome=&#8221;fas fa-mug-hot&#8221; color=&#8221;custom&#8221; size=&#8221;xl&#8221; align=&#8221;center&#8221; custom_color=&#8221;#979a9d&#8221;][\/vc_column_inner][vc_column_inner width=&#8221;3\/4&#8243;][mk_fancy_title size=&#8221;24&#8243; margin_bottom=&#8221;0&#8243; font_family=&#8221;none&#8221;]\n<p style=\"text-align: left;\"><em><strong><a href=\"https:\/\/reykjavikroasters.is\/wp-content\/uploads\/2021\/08\/new-wall-menu-asmundarsalur-2021-04.pdf\">Menu<\/a><\/strong><\/em><\/p>\n[\/mk_fancy_title][\/vc_column_inner][\/vc_row_inner][\/vc_column][\/mk_page_section][mk_page_section layout_structure=&#8221;half_left&#8221; bg_image=&#8221;https:\/\/reykjavikroasters.is\/wp-content\/uploads\/2016\/11\/karastigur-inni.jpg&#8221; full_width=&#8221;true&#8221;][vc_column][mk_padding_divider size=&#8221;55&#8243;][mk_ornamental_title text_color=&#8221;#3c2311&#8243; font_family=&#8221;Abel&#8221; font_type=&#8221;google&#8221; font_size=&#8221;30&#8243; font_weight=&#8221;300&#8243; ornament_style=&#8221;lemo-single&#8221; nss_align=&#8221;center&#8221; ornament_color=&#8221;#3c2311&#8243;]K\u00c1RAST\u00cdGUR[\/mk_ornamental_title][mk_padding_divider size=&#8221;25&#8243;][vc_column_text css=&#8221;.vc_custom_1613469505883{margin-bottom: 0px !important;}&#8221;]Our caf\u00e9 in K\u00e1rast\u00edgur originally opened its doors at the end of 2008 under the name of Kaffismi\u00f0ja \u00cdslands. In 2013 however, it underwent renovations and its name was changed to Reykjav\u00edk Roasters. The building has been in place since 1929 but before housing our caf\u00e9 it used to be a small, typical convenience store on one side and a milk shop on the other, where it was possible to buy skyr and milk in bulk as it was customary in those days.[\/vc_column_text][mk_padding_divider size=&#8221;25&#8243;][vc_row_inner][vc_column_inner width=&#8221;1\/4&#8243;][vc_icon icon_fontawesome=&#8221;fa fa-phone&#8221; color=&#8221;custom&#8221; size=&#8221;xl&#8221; align=&#8221;center&#8221; custom_color=&#8221;#979a9d&#8221;][\/vc_column_inner][vc_column_inner width=&#8221;3\/4&#8243;][mk_fancy_title size=&#8221;24&#8243; margin_bottom=&#8221;0&#8243; font_family=&#8221;none&#8221;]+354 517\u00a05535[\/mk_fancy_title][\/vc_column_inner][\/vc_row_inner][mk_padding_divider size=&#8221;55&#8243;][vc_row_inner][vc_column_inner width=&#8221;1\/4&#8243;][vc_icon icon_fontawesome=&#8221;fa fa-clock-o&#8221; color=&#8221;custom&#8221; size=&#8221;xl&#8221; align=&#8221;center&#8221; custom_color=&#8221;#979a9d&#8221;][\/vc_column_inner][vc_column_inner width=&#8221;3\/4&#8243;][mk_fancy_title size=&#8221;24&#8243; margin_bottom=&#8221;0&#8243; font_family=&#8221;none&#8221;]Weekdays: 08:00 \u2013 17:00[\/mk_fancy_title][mk_fancy_title size=&#8221;24&#8243; margin_bottom=&#8221;0&#8243; font_family=&#8221;none&#8221;]Saturdays: 08:00 \u2013 17:00[\/mk_fancy_title][mk_fancy_title size=&#8221;24&#8243; margin_bottom=&#8221;0&#8243; font_family=&#8221;none&#8221;]Sundays: 08:00 \u2013 17:00[\/mk_fancy_title][\/vc_column_inner][\/vc_row_inner][mk_padding_divider size=&#8221;55&#8243;][vc_row_inner][vc_column_inner width=&#8221;1\/4&#8243;][vc_icon icon_fontawesome=&#8221;fas fa-mug-hot&#8221; color=&#8221;custom&#8221; size=&#8221;xl&#8221; align=&#8221;center&#8221; custom_color=&#8221;#979a9d&#8221;][\/vc_column_inner][vc_column_inner width=&#8221;3\/4&#8243;][mk_fancy_title size=&#8221;24&#8243; margin_bottom=&#8221;0&#8243; font_family=&#8221;none&#8221;]<em><strong><a href=\"https:\/\/reykjavikroasters.is\/wp-content\/uploads\/2021\/04\/k1-english-handout.pdf\">Menu<\/a><\/strong><\/em>[\/mk_fancy_title][\/vc_column_inner][\/vc_row_inner][\/vc_column][\/mk_page_section][mk_page_section layout_structure=&#8221;half_right&#8221; bg_image=&#8221;https:\/\/reykjavikroasters.is\/wp-content\/uploads\/2016\/11\/brautarholt.jpg&#8221; full_width=&#8221;true&#8221;][vc_column][mk_padding_divider size=&#8221;55&#8243;][mk_ornamental_title text_color=&#8221;#3c2311&#8243; font_family=&#8221;Abel&#8221; font_type=&#8221;google&#8221; font_size=&#8221;30&#8243; font_weight=&#8221;300&#8243; ornament_style=&#8221;lemo-single&#8221; nss_align=&#8221;center&#8221; ornament_color=&#8221;#3c2311&#8243;]BRAUTARHOLT[\/mk_ornamental_title][mk_padding_divider size=&#8221;25&#8243;][vc_column_text]Our second caf\u00e9 opened in August 2015 in Brautarholt 2, where Japis and then R\u00edn\u2019s musical instrument store was once located. Here we set up a brew bar where we ambitiously serve an ever-changing variety of coffees and teas which we hand-brew fresh for every order. With our focus being on our pour-overs and teas, we aim to enhance the customer experience by creating the perfect cafe atmosphere, from the time you enter to the last drop in your cup.\u00a0 We further this experience with our wider food menu, and by giving our customers access to the Roots Of Your Coffee poster, a mural that aims to give the customer the correct words to describe their coffee.[\/vc_column_text][mk_padding_divider size=&#8221;25&#8243;][vc_row_inner][vc_column_inner width=&#8221;1\/4&#8243;][vc_icon icon_fontawesome=&#8221;fa fa-phone&#8221; color=&#8221;custom&#8221; size=&#8221;xl&#8221; align=&#8221;center&#8221; custom_color=&#8221;#979a9d&#8221;][\/vc_column_inner][vc_column_inner width=&#8221;3\/4&#8243;][mk_fancy_title size=&#8221;24&#8243; margin_bottom=&#8221;0&#8243; font_family=&#8221;none&#8221;]+354 571 3102[\/mk_fancy_title][\/vc_column_inner][\/vc_row_inner][mk_padding_divider size=&#8221;25&#8243;][vc_row_inner][vc_column_inner width=&#8221;1\/4&#8243;][vc_icon icon_fontawesome=&#8221;fa fa-clock-o&#8221; color=&#8221;custom&#8221; size=&#8221;xl&#8221; align=&#8221;center&#8221; custom_color=&#8221;#979a9d&#8221;][\/vc_column_inner][vc_column_inner width=&#8221;3\/4&#8243;][mk_fancy_title size=&#8221;24&#8243; margin_bottom=&#8221;0&#8243; font_family=&#8221;none&#8221;]Weekdays: 08:00 \u2013 17:00[\/mk_fancy_title][mk_fancy_title size=&#8221;24&#8243; margin_bottom=&#8221;0&#8243; font_family=&#8221;none&#8221;]Saturdays: 08:00 \u2013 17:00[\/mk_fancy_title][mk_fancy_title size=&#8221;24&#8243; margin_bottom=&#8221;0&#8243; font_family=&#8221;none&#8221;]Sundays: 08:00 \u2013 17:00[\/mk_fancy_title][\/vc_column_inner][\/vc_row_inner][mk_padding_divider size=&#8221;25&#8243;][vc_row_inner][vc_column_inner width=&#8221;1\/4&#8243;][vc_icon icon_fontawesome=&#8221;fas fa-mug-hot&#8221; color=&#8221;custom&#8221; size=&#8221;xl&#8221; align=&#8221;center&#8221; custom_color=&#8221;#979a9d&#8221;][\/vc_column_inner][vc_column_inner width=&#8221;3\/4&#8243;][mk_fancy_title size=&#8221;24&#8243; margin_bottom=&#8221;0&#8243; font_family=&#8221;none&#8221;]<em><strong><a href=\"https:\/\/reykjavikroasters.is\/wp-content\/uploads\/2021\/04\/b2-changes-0320-english.pdf\">Menu<\/a><\/strong><\/em>[\/mk_fancy_title][\/vc_column_inner][\/vc_row_inner][mk_padding_divider size=&#8221;25&#8243;][\/vc_column][\/mk_page_section][mk_page_section full_width=&#8221;true&#8221; padding_top=&#8221;0&#8243; padding_bottom=&#8221;0&#8243; sidebar=&#8221;sidebar-1&#8243;][vc_column][mk_advanced_gmaps custom_markers=&#8221;true&#8221; latitude=&#8221;64.143539&#8243; longitude=&#8221;-21.927420&#8243; address=&#8221;K\u00e1rast\u00edgur 1 | 101 Reykjav\u00edk&#8221; custom_marker_1=&#8221;https:\/\/reykjavikroasters.is\/wp-content\/uploads\/2016\/11\/pin.png&#8221; latitude_2=&#8221;64.142013&#8243; longitude_2=&#8221;-21.911647&#8243; address_2=&#8221;Brautarholt 2 | 105 Reykjav\u00edk&#8221; custom_marker_2=&#8221;https:\/\/reykjavikroasters.is\/wp-content\/uploads\/2016\/11\/pin.png&#8221; latitude_3=&#8221;64.140918&#8243; longitude_3=&#8221;-21.928440&#8243; address_3=&#8221;\u00c1smundarsafn, Freyjugata 41 | 101 Reykjav\u00edk&#8221; custom_marker_3=&#8221;https:\/\/reykjavikroasters.is\/wp-content\/uploads\/2016\/11\/pin.png&#8221; content_font_color=&#8221;#ffffff&#8221; height=&#8221;600&#8243; modify_coloring=&#8221;true&#8221; hue=&#8221;#563100&#8243;][\/vc_column][\/mk_page_section]\n<\/div>","protected":false},"excerpt":{"rendered":"<p>[mk_page_section bg_image=&#8221;https:\/\/reykjavikroasters.is\/wp-content\/uploads\/2016\/11\/header-um-okkur.jpg&#8221; bg_position=&#8221;center bottom&#8221; bg_repeat=&#8221;no-repeat&#8221; bg_stretch=&#8221;true&#8221; enable_3d=&#8221;true&#8221; min_height=&#8221;300&#8243; js_vertical_centered=&#8221;true&#8221; padding_top=&#8221;0&#8243; sidebar=&#8221;sidebar-1&#8243;][vc_column][mk_ornamental_title tag_name=&#8221;h1&#8243; text_color=&#8221;#3c2311&#8243; font_family=&#8221;Abel&#8221; font_type=&#8221;google&#8221; font_size=&#8221;44&#8243; font_weight=&#8221;300&#8243; ornament_style=&#8221;lemo-single&#8221; nss_align=&#8221;center&#8221; ornament_color=&#8221;#3c2311&#8243;]LOCATIONS[\/mk_ornamental_title][\/vc_column][\/mk_page_section][mk_page_section layout_structure=&#8221;half_right&#8221; bg_image=&#8221;https:\/\/reykjavikroasters.is\/wp-content\/uploads\/2018\/09\/asm-1.jpg&#8221; full_width=&#8221;true&#8221;][vc_column][mk_padding_divider size=&#8221;55&#8243;][mk_ornamental_title text_color=&#8221;#3c2311&#8243; font_family=&#8221;Abel&#8221; font_type=&#8221;google&#8221; font_size=&#8221;30&#8243; font_weight=&#8221;300&#8243; ornament_style=&#8221;lemo-single&#8221; nss_align=&#8221;center&#8221; ornament_color=&#8221;#3c2311&#8243;]\u00c1SMUNDARSALUR[\/mk_ornamental_title][mk_padding_divider size=&#8221;25&#8243;][vc_column_text css=&#8221;.vc_custom_1537823368781{margin-bottom: 0px !important;}&#8221;]The third caf\u00e9 opened in late September 2018 at Freyjugata. Creative arts and coffee consumption have for a long time [&hellip;]<\/p>\n","protected":false},"author":1,"featured_media":0,"parent":0,"menu_order":0,"comment_status":"closed","ping_status":"closed","template":"","meta":{"_monsterinsights_skip_tracking":false,"_monsterinsights_sitenote_active":false,"_monsterinsights_sitenote_note":"","_monsterinsights_sitenote_category":0,"footnotes":""},"class_list":["post-542","page","type-page","status-publish","hentry"],"yoast_head":"<!-- This site is optimized with the Yoast SEO plugin v27.1.1 - https:\/\/yoast.com\/product\/yoast-seo-wordpress\/ -->\n<title>Coffee Shop - Caf\u00e9 - Locations in Reykjav\u00edk | reykjavikroasters.is<\/title>\n<meta name=\"description\" content=\"Reykjav\u00edk Roasters operates two coffee shops - caf\u00e9 locations in downtown Reykjav\u00edk, Iceland, one at K\u00e1rast\u00edgur and one at Brautarholt. See more here.\" \/>\n<meta name=\"robots\" content=\"index, follow, max-snippet:-1, max-image-preview:large, max-video-preview:-1\" \/>\n<link rel=\"canonical\" href=\"https:\/\/reykjavikroasters.is\/en\/um-okkur\/\" \/>\n<meta property=\"og:locale\" content=\"en_US\" \/>\n<meta property=\"og:type\" content=\"article\" \/>\n<meta property=\"og:title\" content=\"Coffee Shop - Caf\u00e9 - Locations in Reykjav\u00edk | reykjavikroasters.is\" \/>\n<meta property=\"og:description\" content=\"Reykjav\u00edk Roasters operates two coffee shops - caf\u00e9 locations in downtown Reykjav\u00edk, Iceland, one at K\u00e1rast\u00edgur and one at Brautarholt. See more here.\" \/>\n<meta property=\"og:url\" content=\"https:\/\/reykjavikroasters.is\/en\/um-okkur\/\" \/>\n<meta property=\"og:site_name\" content=\"reykjavikroasters.is\" \/>\n<meta property=\"article:publisher\" content=\"https:\/\/www.facebook.com\/ReykjavikRoasters\/\" \/>\n<meta property=\"article:modified_time\" content=\"2024-10-17T08:15:08+00:00\" \/>\n<meta property=\"og:image\" content=\"https:\/\/reykjavikroasters.is\/wp-content\/uploads\/2017\/05\/to-go-bolli.jpg\" \/>\n\t<meta property=\"og:image:width\" content=\"1200\" \/>\n\t<meta property=\"og:image:height\" content=\"800\" \/>\n\t<meta property=\"og:image:type\" content=\"image\/jpeg\" \/>\n<meta name=\"twitter:card\" content=\"summary_large_image\" \/>\n<meta name=\"twitter:site\" content=\"@RvkRoasters\" \/>\n<meta name=\"twitter:label1\" content=\"Est. reading time\" \/>\n\t<meta name=\"twitter:data1\" content=\"3 minutes\" \/>\n<script type=\"application\/ld+json\" class=\"yoast-schema-graph\">{\"@context\":\"https:\/\/schema.org\",\"@graph\":[{\"@type\":\"WebPage\",\"@id\":\"https:\/\/reykjavikroasters.is\/en\/um-okkur\/\",\"url\":\"https:\/\/reykjavikroasters.is\/en\/um-okkur\/\",\"name\":\"Coffee Shop - Caf\u00e9 - Locations in Reykjav\u00edk | reykjavikroasters.is\",\"isPartOf\":{\"@id\":\"https:\/\/reykjavikroasters.is\/#website\"},\"datePublished\":\"2016-11-03T09:33:19+00:00\",\"dateModified\":\"2024-10-17T08:15:08+00:00\",\"description\":\"Reykjav\u00edk Roasters operates two coffee shops - caf\u00e9 locations in downtown Reykjav\u00edk, Iceland, one at K\u00e1rast\u00edgur and one at Brautarholt. See more here.\",\"breadcrumb\":{\"@id\":\"https:\/\/reykjavikroasters.is\/en\/um-okkur\/#breadcrumb\"},\"inLanguage\":\"en-US\",\"potentialAction\":[{\"@type\":\"ReadAction\",\"target\":[\"https:\/\/reykjavikroasters.is\/en\/um-okkur\/\"]}]},{\"@type\":\"BreadcrumbList\",\"@id\":\"https:\/\/reykjavikroasters.is\/en\/um-okkur\/#breadcrumb\",\"itemListElement\":[{\"@type\":\"ListItem\",\"position\":1,\"name\":\"Home\",\"item\":\"https:\/\/reykjavikroasters.is\/en\/\"},{\"@type\":\"ListItem\",\"position\":2,\"name\":\"LOCATIONS\"}]},{\"@type\":\"WebSite\",\"@id\":\"https:\/\/reykjavikroasters.is\/#website\",\"url\":\"https:\/\/reykjavikroasters.is\/\",\"name\":\"reykjavikroasters.is\",\"description\":\"\",\"potentialAction\":[{\"@type\":\"SearchAction\",\"target\":{\"@type\":\"EntryPoint\",\"urlTemplate\":\"https:\/\/reykjavikroasters.is\/?s={search_term_string}\"},\"query-input\":{\"@type\":\"PropertyValueSpecification\",\"valueRequired\":true,\"valueName\":\"search_term_string\"}}],\"inLanguage\":\"en-US\"}]}<\/script>\n<!-- \/ Yoast SEO plugin. -->","yoast_head_json":{"title":"Coffee Shop - Caf\u00e9 - Locations in Reykjav\u00edk | reykjavikroasters.is","description":"Reykjav\u00edk Roasters operates two coffee shops - caf\u00e9 locations in downtown Reykjav\u00edk, Iceland, one at K\u00e1rast\u00edgur and one at Brautarholt. See more here.","robots":{"index":"index","follow":"follow","max-snippet":"max-snippet:-1","max-image-preview":"max-image-preview:large","max-video-preview":"max-video-preview:-1"},"canonical":"https:\/\/reykjavikroasters.is\/en\/um-okkur\/","og_locale":"en_US","og_type":"article","og_title":"Coffee Shop - Caf\u00e9 - Locations in Reykjav\u00edk | reykjavikroasters.is","og_description":"Reykjav\u00edk Roasters operates two coffee shops - caf\u00e9 locations in downtown Reykjav\u00edk, Iceland, one at K\u00e1rast\u00edgur and one at Brautarholt. See more here.","og_url":"https:\/\/reykjavikroasters.is\/en\/um-okkur\/","og_site_name":"reykjavikroasters.is","article_publisher":"https:\/\/www.facebook.com\/ReykjavikRoasters\/","article_modified_time":"2024-10-17T08:15:08+00:00","og_image":[{"width":1200,"height":800,"url":"https:\/\/reykjavikroasters.is\/wp-content\/uploads\/2017\/05\/to-go-bolli.jpg","type":"image\/jpeg"}],"twitter_card":"summary_large_image","twitter_site":"@RvkRoasters","twitter_misc":{"Est. reading time":"3 minutes"},"schema":{"@context":"https:\/\/schema.org","@graph":[{"@type":"WebPage","@id":"https:\/\/reykjavikroasters.is\/en\/um-okkur\/","url":"https:\/\/reykjavikroasters.is\/en\/um-okkur\/","name":"Coffee Shop - Caf\u00e9 - Locations in Reykjav\u00edk | reykjavikroasters.is","isPartOf":{"@id":"https:\/\/reykjavikroasters.is\/#website"},"datePublished":"2016-11-03T09:33:19+00:00","dateModified":"2024-10-17T08:15:08+00:00","description":"Reykjav\u00edk Roasters operates two coffee shops - caf\u00e9 locations in downtown Reykjav\u00edk, Iceland, one at K\u00e1rast\u00edgur and one at Brautarholt. See more here.","breadcrumb":{"@id":"https:\/\/reykjavikroasters.is\/en\/um-okkur\/#breadcrumb"},"inLanguage":"en-US","potentialAction":[{"@type":"ReadAction","target":["https:\/\/reykjavikroasters.is\/en\/um-okkur\/"]}]},{"@type":"BreadcrumbList","@id":"https:\/\/reykjavikroasters.is\/en\/um-okkur\/#breadcrumb","itemListElement":[{"@type":"ListItem","position":1,"name":"Home","item":"https:\/\/reykjavikroasters.is\/en\/"},{"@type":"ListItem","position":2,"name":"LOCATIONS"}]},{"@type":"WebSite","@id":"https:\/\/reykjavikroasters.is\/#website","url":"https:\/\/reykjavikroasters.is\/","name":"reykjavikroasters.is","description":"","potentialAction":[{"@type":"SearchAction","target":{"@type":"EntryPoint","urlTemplate":"https:\/\/reykjavikroasters.is\/?s={search_term_string}"},"query-input":{"@type":"PropertyValueSpecification","valueRequired":true,"valueName":"search_term_string"}}],"inLanguage":"en-US"}]}},"_links":{"self":[{"href":"https:\/\/reykjavikroasters.is\/en\/wp-json\/wp\/v2\/pages\/542","targetHints":{"allow":["GET"]}}],"collection":[{"href":"https:\/\/reykjavikroasters.is\/en\/wp-json\/wp\/v2\/pages"}],"about":[{"href":"https:\/\/reykjavikroasters.is\/en\/wp-json\/wp\/v2\/types\/page"}],"author":[{"embeddable":true,"href":"https:\/\/reykjavikroasters.is\/en\/wp-json\/wp\/v2\/users\/1"}],"replies":[{"embeddable":true,"href":"https:\/\/reykjavikroasters.is\/en\/wp-json\/wp\/v2\/comments?post=542"}],"version-history":[{"count":17,"href":"https:\/\/reykjavikroasters.is\/en\/wp-json\/wp\/v2\/pages\/542\/revisions"}],"predecessor-version":[{"id":13880,"href":"https:\/\/reykjavikroasters.is\/en\/wp-json\/wp\/v2\/pages\/542\/revisions\/13880"}],"wp:attachment":[{"href":"https:\/\/reykjavikroasters.is\/en\/wp-json\/wp\/v2\/media?parent=542"}],"curies":[{"name":"wp","href":"https:\/\/api.w.org\/{rel}","templated":true}]}}