{"id":2831,"date":"2019-09-09T09:48:17","date_gmt":"2019-09-09T09:48:17","guid":{"rendered":"https:\/\/reykjavikroasters.is\/thu-ert-skradur-a-postlistann-okkar\/"},"modified":"2019-09-09T11:21:38","modified_gmt":"2019-09-09T11:21:38","slug":"thu-ert-skradur-a-postlistann-okkar","status":"publish","type":"page","link":"https:\/\/reykjavikroasters.is\/en\/thu-ert-skradur-a-postlistann-okkar\/","title":{"rendered":"\u00de\u00fa ert skr\u00e1\u00f0(ur) \u00e1 p\u00f3stlistann okkar"},"content":{"rendered":"[mk_page_section bg_position=&#8221;center center&#8221; bg_repeat=&#8221;no-repeat&#8221; min_height=&#8221;600&#8243; full_height=&#8221;true&#8221; sidebar=&#8221;sidebar-1&#8243;][vc_column][vc_column_text align=&#8221;center&#8221; css=&#8221;.vc_custom_1568028096046{margin-bottom: 0px !important;}&#8221;]\n<h3 style=\"text-align: center;\"><\/h3>\n<p style=\"text-align: center;\"><img loading=\"lazy\" decoding=\"async\" class=\"alignnone size-full wp-image-221\" src=\"https:\/\/reykjavikroasters.is\/wp-content\/uploads\/2016\/11\/map-pin.png\" alt=\"\" width=\"110\" height=\"110\" srcset=\"https:\/\/reykjavikroasters.is\/wp-content\/uploads\/2016\/11\/map-pin.png 110w, https:\/\/reykjavikroasters.is\/wp-content\/uploads\/2016\/11\/map-pin-100x100.png 100w, https:\/\/reykjavikroasters.is\/wp-content\/uploads\/2016\/11\/map-pin-300x300.png 300w\" sizes=\"auto, (max-width: 110px) 100vw, 110px\" \/><\/p>\n<h3 style=\"text-align: center;\">Thanks, you&#8217;re in!<\/h3>\n<h3 style=\"text-align: center;\">Please check your email inbox for a confirmation.<\/h3>\n[\/vc_column_text][\/vc_column][\/mk_page_section]\n","protected":false},"excerpt":{"rendered":"<p>[mk_page_section bg_position=&#8221;center center&#8221; bg_repeat=&#8221;no-repeat&#8221; min_height=&#8221;600&#8243; full_height=&#8221;true&#8221; sidebar=&#8221;sidebar-1&#8243;][vc_column][vc_column_text align=&#8221;center&#8221; css=&#8221;.vc_custom_1568028096046{margin-bottom: 0px !important;}&#8221;] Thanks, you&#8217;re in! Please check your email inbox for a confirmation. [\/vc_column_text][\/vc_column][\/mk_page_section]<\/p>\n","protected":false},"author":1,"featured_media":0,"parent":0,"menu_order":0,"comment_status":"closed","ping_status":"closed","template":"","meta":{"_monsterinsights_skip_tracking":false,"_monsterinsights_sitenote_active":false,"_monsterinsights_sitenote_note":"","_monsterinsights_sitenote_category":0,"footnotes":""},"class_list":["post-2831","page","type-page","status-publish","hentry"],"yoast_head":"<!-- This site is optimized with the Yoast SEO plugin v27.1.1 - https:\/\/yoast.com\/product\/yoast-seo-wordpress\/ -->\n<title>\u00de\u00fa ert skr\u00e1\u00f0(ur) \u00e1 p\u00f3stlistann okkar - reykjavikroasters.is<\/title>\n<meta name=\"robots\" content=\"index, follow, max-snippet:-1, max-image-preview:large, max-video-preview:-1\" \/>\n<link rel=\"canonical\" href=\"https:\/\/reykjavikroasters.is\/en\/thu-ert-skradur-a-postlistann-okkar\/\" \/>\n<meta property=\"og:locale\" content=\"en_US\" \/>\n<meta property=\"og:type\" content=\"article\" \/>\n<meta property=\"og:title\" content=\"\u00de\u00fa ert skr\u00e1\u00f0(ur) \u00e1 p\u00f3stlistann okkar - reykjavikroasters.is\" \/>\n<meta property=\"og:description\" content=\"[mk_page_section bg_position=&#8221;center center&#8221; bg_repeat=&#8221;no-repeat&#8221; min_height=&#8221;600&#8243; full_height=&#8221;true&#8221; sidebar=&#8221;sidebar-1&#8243;][vc_column][vc_column_text align=&#8221;center&#8221; css=&#8221;.vc_custom_1568028096046{margin-bottom: 0px !important;}&#8221;] Thanks, you&#8217;re in! Please check your email inbox for a confirmation. [\/vc_column_text][\/vc_column][\/mk_page_section]\" \/>\n<meta property=\"og:url\" content=\"https:\/\/reykjavikroasters.is\/en\/thu-ert-skradur-a-postlistann-okkar\/\" \/>\n<meta property=\"og:site_name\" content=\"reykjavikroasters.is\" \/>\n<meta property=\"article:publisher\" content=\"https:\/\/www.facebook.com\/ReykjavikRoasters\/\" \/>\n<meta property=\"article:modified_time\" content=\"2019-09-09T11:21:38+00:00\" \/>\n<meta property=\"og:image\" content=\"https:\/\/reykjavikroasters.is\/wp-content\/uploads\/2016\/11\/map-pin.png\" \/>\n<meta name=\"twitter:card\" content=\"summary_large_image\" \/>\n<meta name=\"twitter:site\" content=\"@RvkRoasters\" \/>\n<script type=\"application\/ld+json\" class=\"yoast-schema-graph\">{\"@context\":\"https:\/\/schema.org\",\"@graph\":[{\"@type\":\"WebPage\",\"@id\":\"https:\/\/reykjavikroasters.is\/en\/thu-ert-skradur-a-postlistann-okkar\/\",\"url\":\"https:\/\/reykjavikroasters.is\/en\/thu-ert-skradur-a-postlistann-okkar\/\",\"name\":\"\u00de\u00fa ert skr\u00e1\u00f0(ur) \u00e1 p\u00f3stlistann okkar - reykjavikroasters.is\",\"isPartOf\":{\"@id\":\"https:\/\/reykjavikroasters.is\/#website\"},\"primaryImageOfPage\":{\"@id\":\"https:\/\/reykjavikroasters.is\/en\/thu-ert-skradur-a-postlistann-okkar\/#primaryimage\"},\"image\":{\"@id\":\"https:\/\/reykjavikroasters.is\/en\/thu-ert-skradur-a-postlistann-okkar\/#primaryimage\"},\"thumbnailUrl\":\"https:\/\/reykjavikroasters.is\/wp-content\/uploads\/2016\/11\/map-pin.png\",\"datePublished\":\"2019-09-09T09:48:17+00:00\",\"dateModified\":\"2019-09-09T11:21:38+00:00\",\"breadcrumb\":{\"@id\":\"https:\/\/reykjavikroasters.is\/en\/thu-ert-skradur-a-postlistann-okkar\/#breadcrumb\"},\"inLanguage\":\"en-US\",\"potentialAction\":[{\"@type\":\"ReadAction\",\"target\":[\"https:\/\/reykjavikroasters.is\/en\/thu-ert-skradur-a-postlistann-okkar\/\"]}]},{\"@type\":\"ImageObject\",\"inLanguage\":\"en-US\",\"@id\":\"https:\/\/reykjavikroasters.is\/en\/thu-ert-skradur-a-postlistann-okkar\/#primaryimage\",\"url\":\"https:\/\/reykjavikroasters.is\/wp-content\/uploads\/2016\/11\/map-pin.png\",\"contentUrl\":\"https:\/\/reykjavikroasters.is\/wp-content\/uploads\/2016\/11\/map-pin.png\"},{\"@type\":\"BreadcrumbList\",\"@id\":\"https:\/\/reykjavikroasters.is\/en\/thu-ert-skradur-a-postlistann-okkar\/#breadcrumb\",\"itemListElement\":[{\"@type\":\"ListItem\",\"position\":1,\"name\":\"Home\",\"item\":\"https:\/\/reykjavikroasters.is\/\"},{\"@type\":\"ListItem\",\"position\":2,\"name\":\"\u00de\u00fa ert skr\u00e1\u00f0(ur) \u00e1 p\u00f3stlistann okkar\"}]},{\"@type\":\"WebSite\",\"@id\":\"https:\/\/reykjavikroasters.is\/#website\",\"url\":\"https:\/\/reykjavikroasters.is\/\",\"name\":\"reykjavikroasters.is\",\"description\":\"\",\"potentialAction\":[{\"@type\":\"SearchAction\",\"target\":{\"@type\":\"EntryPoint\",\"urlTemplate\":\"https:\/\/reykjavikroasters.is\/?s={search_term_string}\"},\"query-input\":{\"@type\":\"PropertyValueSpecification\",\"valueRequired\":true,\"valueName\":\"search_term_string\"}}],\"inLanguage\":\"en-US\"}]}<\/script>\n<!-- \/ Yoast SEO plugin. -->","yoast_head_json":{"title":"\u00de\u00fa ert skr\u00e1\u00f0(ur) \u00e1 p\u00f3stlistann okkar - reykjavikroasters.is","robots":{"index":"index","follow":"follow","max-snippet":"max-snippet:-1","max-image-preview":"max-image-preview:large","max-video-preview":"max-video-preview:-1"},"canonical":"https:\/\/reykjavikroasters.is\/en\/thu-ert-skradur-a-postlistann-okkar\/","og_locale":"en_US","og_type":"article","og_title":"\u00de\u00fa ert skr\u00e1\u00f0(ur) \u00e1 p\u00f3stlistann okkar - reykjavikroasters.is","og_description":"[mk_page_section bg_position=&#8221;center center&#8221; bg_repeat=&#8221;no-repeat&#8221; min_height=&#8221;600&#8243; full_height=&#8221;true&#8221; sidebar=&#8221;sidebar-1&#8243;][vc_column][vc_column_text align=&#8221;center&#8221; css=&#8221;.vc_custom_1568028096046{margin-bottom: 0px !important;}&#8221;] Thanks, you&#8217;re in! Please check your email inbox for a confirmation. [\/vc_column_text][\/vc_column][\/mk_page_section]","og_url":"https:\/\/reykjavikroasters.is\/en\/thu-ert-skradur-a-postlistann-okkar\/","og_site_name":"reykjavikroasters.is","article_publisher":"https:\/\/www.facebook.com\/ReykjavikRoasters\/","article_modified_time":"2019-09-09T11:21:38+00:00","og_image":[{"url":"https:\/\/reykjavikroasters.is\/wp-content\/uploads\/2016\/11\/map-pin.png","type":"","width":"","height":""}],"twitter_card":"summary_large_image","twitter_site":"@RvkRoasters","schema":{"@context":"https:\/\/schema.org","@graph":[{"@type":"WebPage","@id":"https:\/\/reykjavikroasters.is\/en\/thu-ert-skradur-a-postlistann-okkar\/","url":"https:\/\/reykjavikroasters.is\/en\/thu-ert-skradur-a-postlistann-okkar\/","name":"\u00de\u00fa ert skr\u00e1\u00f0(ur) \u00e1 p\u00f3stlistann okkar - reykjavikroasters.is","isPartOf":{"@id":"https:\/\/reykjavikroasters.is\/#website"},"primaryImageOfPage":{"@id":"https:\/\/reykjavikroasters.is\/en\/thu-ert-skradur-a-postlistann-okkar\/#primaryimage"},"image":{"@id":"https:\/\/reykjavikroasters.is\/en\/thu-ert-skradur-a-postlistann-okkar\/#primaryimage"},"thumbnailUrl":"https:\/\/reykjavikroasters.is\/wp-content\/uploads\/2016\/11\/map-pin.png","datePublished":"2019-09-09T09:48:17+00:00","dateModified":"2019-09-09T11:21:38+00:00","breadcrumb":{"@id":"https:\/\/reykjavikroasters.is\/en\/thu-ert-skradur-a-postlistann-okkar\/#breadcrumb"},"inLanguage":"en-US","potentialAction":[{"@type":"ReadAction","target":["https:\/\/reykjavikroasters.is\/en\/thu-ert-skradur-a-postlistann-okkar\/"]}]},{"@type":"ImageObject","inLanguage":"en-US","@id":"https:\/\/reykjavikroasters.is\/en\/thu-ert-skradur-a-postlistann-okkar\/#primaryimage","url":"https:\/\/reykjavikroasters.is\/wp-content\/uploads\/2016\/11\/map-pin.png","contentUrl":"https:\/\/reykjavikroasters.is\/wp-content\/uploads\/2016\/11\/map-pin.png"},{"@type":"BreadcrumbList","@id":"https:\/\/reykjavikroasters.is\/en\/thu-ert-skradur-a-postlistann-okkar\/#breadcrumb","itemListElement":[{"@type":"ListItem","position":1,"name":"Home","item":"https:\/\/reykjavikroasters.is\/"},{"@type":"ListItem","position":2,"name":"\u00de\u00fa ert skr\u00e1\u00f0(ur) \u00e1 p\u00f3stlistann okkar"}]},{"@type":"WebSite","@id":"https:\/\/reykjavikroasters.is\/#website","url":"https:\/\/reykjavikroasters.is\/","name":"reykjavikroasters.is","description":"","potentialAction":[{"@type":"SearchAction","target":{"@type":"EntryPoint","urlTemplate":"https:\/\/reykjavikroasters.is\/?s={search_term_string}"},"query-input":{"@type":"PropertyValueSpecification","valueRequired":true,"valueName":"search_term_string"}}],"inLanguage":"en-US"}]}},"_links":{"self":[{"href":"https:\/\/reykjavikroasters.is\/en\/wp-json\/wp\/v2\/pages\/2831","targetHints":{"allow":["GET"]}}],"collection":[{"href":"https:\/\/reykjavikroasters.is\/en\/wp-json\/wp\/v2\/pages"}],"about":[{"href":"https:\/\/reykjavikroasters.is\/en\/wp-json\/wp\/v2\/types\/page"}],"author":[{"embeddable":true,"href":"https:\/\/reykjavikroasters.is\/en\/wp-json\/wp\/v2\/users\/1"}],"replies":[{"embeddable":true,"href":"https:\/\/reykjavikroasters.is\/en\/wp-json\/wp\/v2\/comments?post=2831"}],"version-history":[{"count":0,"href":"https:\/\/reykjavikroasters.is\/en\/wp-json\/wp\/v2\/pages\/2831\/revisions"}],"wp:attachment":[{"href":"https:\/\/reykjavikroasters.is\/en\/wp-json\/wp\/v2\/media?parent=2831"}],"curies":[{"name":"wp","href":"https:\/\/api.w.org\/{rel}","templated":true}]}}