{"id":1692,"date":"2019-05-07T18:40:23","date_gmt":"2019-05-07T18:40:23","guid":{"rendered":"https:\/\/reykjavikroasters.is\/?page_id=1692"},"modified":"2020-06-14T18:25:38","modified_gmt":"2020-06-14T18:25:38","slug":"i-kring","status":"publish","type":"page","link":"https:\/\/reykjavikroasters.is\/en\/i-kring\/","title":{"rendered":"\u00cd kring"},"content":{"rendered":"<div class=\"wpb-content-wrapper\">[vc_row fullwidth=&#8221;true&#8221; css=&#8221;.vc_custom_1553103003512{margin-top: 0px !important;margin-bottom: 0px !important;border-top-width: 0px !important;border-bottom-width: 0px !important;padding-top: 0px !important;padding-bottom: 0px !important;background-color: #e5e5e5e !important;}&#8221;][vc_column][vc_single_image image=&#8221;1758&#8243; img_size=&#8221;full&#8221; alignment=&#8221;center&#8221; css=&#8221;.vc_custom_1553103101764{background-color: #e5e5e5 !important;}&#8221;][vc_column_text css=&#8221;.vc_custom_1566573426896{margin-bottom: 0px !important;}&#8221;]\n<p style=\"text-align: center;\"><span style=\"font-size: 14pt;\"><strong><span style=\"font-family: symbol;\">CURRENTLY \/ COMING UP<\/span><\/strong><\/span><\/p>\n[\/vc_column_text][vc_single_image image=&#8221;10810&#8243; img_size=&#8221;large&#8221; alignment=&#8221;center&#8221; onclick=&#8221;custom_link&#8221; link=&#8221;https:\/\/reykjavikroasters.is\/en\/i-kring-08&#8243;][mk_social_networks size=&#8221;medium&#8221; icon_color=&#8221;#7c3657&#8243; align=&#8221;center&#8221; facebook=&#8221;https:\/\/www.facebook.com\/ikringsession\/&#8221; instagram=&#8221;https:\/\/www.instagram.com\/i_kring_session\/&#8221;][\/vc_column][\/vc_row][vc_row][vc_column][vc_column_text css=&#8221;.vc_custom_1558017139829{margin-bottom: 0px !important;}&#8221;]\n<div class=\"column\"><span style=\"font-family: georgia, palatino, serif; font-size: 12pt;\"><span style=\"font-weight: 400;\">\u201c<strong>\u00ed<\/strong><\/span><span style=\"font-weight: 400;\"><strong>\u00a0Kring<\/strong>\u201d (\u201cAround,\u201d in English) is an ongoing series of exhibitions taking place all year round, with each session occurring a month at a time within our three locations at once. The visitors are encouraged to take a stroll around the centre of Reykjav\u00edk to fully appreciate the exhibition, dropping by each location to get a comprehensive view of the artists&#8217; work. Thus, we aim to promote local and international artists of all calibre, from established performers to rising new talents.<\/span><\/span><\/div>\n[\/vc_column_text][mk_padding_divider][\/vc_column][\/vc_row][vc_row equal_columns=&#8221;true&#8221; column_padding=&#8221;1&#8243; css=&#8221;.vc_custom_1553103271730{margin-top: 0px !important;margin-bottom: 0px !important;border-top-width: 0px !important;border-bottom-width: 0px !important;padding-top: 0px !important;padding-bottom: 0px !important;}&#8221;][vc_column width=&#8221;1\/3&#8243;][vc_single_image image=&#8221;7832&#8243; img_size=&#8221;large&#8221; alignment=&#8221;center&#8221; css=&#8221;.vc_custom_1592158854061{margin-top: 0px !important;border-top-width: 0px !important;padding-top: 0px !important;background-color: #e5e5e5 !important;}&#8221;][\/vc_column][vc_column width=&#8221;1\/3&#8243;][vc_single_image image=&#8221;7814&#8243; img_size=&#8221;large&#8221;][\/vc_column][vc_column width=&#8221;1\/3&#8243;][vc_single_image image=&#8221;7872&#8243; img_size=&#8221;large&#8221;][\/vc_column][\/vc_row][vc_row][vc_column][vc_column_text css=&#8221;.vc_custom_1558017150697{margin-bottom: 0px !important;}&#8221;]<span style=\"font-weight: 400; font-family: georgia, palatino, serif;\">Fuelled by a continuous flow of people and ideas, in the past decade Reykjav\u00edk has become a vibrant hub for developing arts and music. Since opening our first caf\u00e9 on K\u00e1rastigur we have seen this energy grow steadily, pouring in and out of our doors alongside a lovely crowd of local artists.<\/span><\/p>\n<p><span style=\"font-weight: 400; font-family: georgia, palatino, serif;\">K\u00e1rast\u00edgur quickly went from being an excellent spot to get a cup of coffee to being a place where people could also get together, work, network and become aware of what was happening in town. We love the atmosphere it has created.<\/span><\/p>\n<p><span style=\"font-weight: 400; font-family: georgia, palatino, serif;\">A few years later we opened our new, brighter location in Brautarholt, just across the University of Arts, where a slightly younger, creative crowd gathered daily to study and relax.<\/span><\/p>\n<p><span style=\"font-weight: 400; font-family: georgia, palatino, serif;\">Now, nearly a year after we opened the door to our caf\u00e9 in \u00c1smundarsalur, we have officially dived deep into the tempestuous waters of Reykjav\u00edk&#8217;s art scene.<\/span>[\/vc_column_text][\/vc_column][\/vc_row][vc_row equal_columns=&#8221;true&#8221; column_padding=&#8221;1&#8243; css=&#8221;.vc_custom_1553103271730{margin-top: 0px !important;margin-bottom: 0px !important;border-top-width: 0px !important;border-bottom-width: 0px !important;padding-top: 0px !important;padding-bottom: 0px !important;}&#8221;][vc_column width=&#8221;2\/3&#8243;][vc_single_image image=&#8221;2357&#8243; img_size=&#8221;full&#8221;][\/vc_column][vc_column width=&#8221;1\/3&#8243;][vc_single_image image=&#8221;2580&#8243; img_size=&#8221;large&#8221; alignment=&#8221;center&#8221; css=&#8221;.vc_custom_1566574127356{margin-top: 0px !important;border-top-width: 0px !important;padding-top: 0px !important;background-color: #e5e5e5 !important;}&#8221;][\/vc_column][\/vc_row][vc_row][vc_column][vc_column_text css=&#8221;.vc_custom_1558017159938{margin-bottom: 0px !important;}&#8221;]<span style=\"font-family: georgia, palatino, serif;\"><strong>With \u201c\u00cd Kring\u201d we ultimately make a conscious effort to give back to same community that has supported us for many years, bringing art to unexpected places and making it accessible to a wider array of people.<\/strong><\/span><\/p>\n<p><span style=\"font-weight: 400; font-family: georgia, palatino, serif;\">We realise, in fact, that despite the plethora of galleries, museums, workshops and open spaces scattered around town, people who do not mingle or work within the art scene can be easily alienated by it. Too often they are convinced that something is expected of them as soon as they step into a gallery\u2014either that they should have an opinion or that they should purchase something.<\/span><\/p>\n<p><span style=\"font-weight: 400; font-family: georgia, palatino, serif;\">By gathering a selection of pieces from different artists and placing them into the more casual setting of our three caf\u00e9s we hope to bridge that gap and make it easier for people to observe and enjoy art without any pressure.<\/span>[\/vc_column_text][vc_column_text css=&#8221;.vc_custom_1557255061698{margin-bottom: 0px !important;}&#8221;]\n<p style=\"text-align: center;\"><span style=\"font-size: 14pt; font-family: symbol;\">OUR THREE EXHIBITION SPACES IN REYKJAVIK\u00a0<\/span><\/p>\n[\/vc_column_text][vc_single_image image=&#8221;2708&#8243; img_size=&#8221;full&#8221; alignment=&#8221;center&#8221;][\/vc_column][\/vc_row][vc_row][vc_column][vc_column_text css=&#8221;.vc_custom_1558722199720{margin-bottom: 0px !important;}&#8221;]\n<p style=\"text-align: center;\"><span style=\"font-family: symbol; font-size: 14pt;\">\u00a0SESSIONS<\/span><\/p>\n[\/vc_column_text][\/vc_column][\/vc_row][vc_row][vc_column][mk_blog style=&#8221;grid&#8221; grid_image_height=&#8221;250&#8243; cat=&#8221;89, 107&#8243; exclude_post_format=&#8221;&#8221;][\/vc_column][\/vc_row][vc_row][vc_column][vc_column_text css=&#8221;.vc_custom_1557255347085{margin-bottom: 0px !important;}&#8221;]\n<div class=\"page\" title=\"Page 1\">\n<div class=\"layoutArea\">\n<div class=\"column\" style=\"text-align: center;\"><span style=\"font-family: symbol;\"><span style=\"font-size: 18.6667px;\">OPEN CALL<\/span><\/span><\/div>\n<\/div>\n<\/div>\n[\/vc_column_text][mk_padding_divider size=&#8221;23&#8243;][vc_column_text css=&#8221;.vc_custom_1558017173434{margin-bottom: 0px !important;}&#8221;]\n<div class=\"page\" title=\"Page 1\">\n<div class=\"layoutArea\">\n<div class=\"column\">\n<p><span style=\"font-weight: 400; font-family: georgia, palatino, serif;\">We are currently planning the year to come and have an ongoing call for artists. Note that the type of work is not limited to any medium as long as it falls under the requirements of our curation committee. Application can be sent to julie@reykjavikroasters.is with example of work, bio and artists intention.<\/span><\/p>\n<\/div>\n<\/div>\n<\/div>\n[\/vc_column_text][mk_padding_divider size=&#8221;23&#8243;][mk_social_networks size=&#8221;medium&#8221; icon_color=&#8221;#7c3657&#8243; align=&#8221;center&#8221; facebook=&#8221;https:\/\/www.facebook.com\/ikringsession\/&#8221; instagram=&#8221;https:\/\/www.instagram.com\/i_kring_session\/&#8221;][mk_padding_divider size=&#8221;23&#8243;][\/vc_column][\/vc_row][vc_row][vc_column][mk_gallery images=&#8221;2728,2730,2732,2734,2736,2738,2740,2742,2744,2746,3312,3306,3290,3292,3288,3286,3284,3280,3276,3266,3258,3256,3254,3252,3086,3070,3068,3056,3050,3034,2612,2610,2604,2602,2600,2596,2584,2590,2580,2578,2572,2550,2542,2359,2357,2350,2327,2345,2331,2240,2206,2192,2196,2210,2226,2228&#8243; column=&#8221;6&#8243; height=&#8221;229&#8243; orderby=&#8221;rand&#8221;][\/vc_column][\/vc_row]\n<\/div>","protected":false},"excerpt":{"rendered":"<p>[vc_row fullwidth=&#8221;true&#8221; css=&#8221;.vc_custom_1553103003512{margin-top: 0px !important;margin-bottom: 0px !important;border-top-width: 0px !important;border-bottom-width: 0px !important;padding-top: 0px !important;padding-bottom: 0px !important;background-color: #e5e5e5e !important;}&#8221;][vc_column][vc_single_image image=&#8221;1758&#8243; img_size=&#8221;full&#8221; alignment=&#8221;center&#8221; css=&#8221;.vc_custom_1553103101764{background-color: #e5e5e5 !important;}&#8221;][vc_column_text css=&#8221;.vc_custom_1566573426896{margin-bottom: 0px !important;}&#8221;] CURRENTLY \/ COMING UP [\/vc_column_text][vc_single_image image=&#8221;10810&#8243; img_size=&#8221;large&#8221; alignment=&#8221;center&#8221; onclick=&#8221;custom_link&#8221; link=&#8221;https:\/\/reykjavikroasters.is\/en\/i-kring-08&#8243;][mk_social_networks size=&#8221;medium&#8221; icon_color=&#8221;#7c3657&#8243; align=&#8221;center&#8221; facebook=&#8221;https:\/\/www.facebook.com\/ikringsession\/&#8221; instagram=&#8221;https:\/\/www.instagram.com\/i_kring_session\/&#8221;][\/vc_column][\/vc_row][vc_row][vc_column][vc_column_text css=&#8221;.vc_custom_1558017139829{margin-bottom: 0px !important;}&#8221;] \u201c\u00ed\u00a0Kring\u201d (\u201cAround,\u201d in English) is an ongoing series of exhibitions taking [&hellip;]<\/p>\n","protected":false},"author":3,"featured_media":1835,"parent":0,"menu_order":0,"comment_status":"closed","ping_status":"closed","template":"","meta":{"_monsterinsights_skip_tracking":false,"_monsterinsights_sitenote_active":false,"_monsterinsights_sitenote_note":"","_monsterinsights_sitenote_category":0,"footnotes":""},"class_list":["post-1692","page","type-page","status-publish","has-post-thumbnail","hentry"],"yoast_head":"<!-- This site is optimized with the Yoast SEO plugin v27.1.1 - https:\/\/yoast.com\/product\/yoast-seo-wordpress\/ -->\n<title>\u00cd kring - reykjavikroasters.is<\/title>\n<meta name=\"description\" content=\"\u201c\u00ed\u00a0Kring\u201d (\u201cAround,\u201d in English) is an ongoing series of exhibitions taking place all year round, with each session occurring a month at a time within our three locations at once.\" \/>\n<meta name=\"robots\" content=\"index, follow, max-snippet:-1, max-image-preview:large, max-video-preview:-1\" \/>\n<link rel=\"canonical\" href=\"https:\/\/reykjavikroasters.is\/en\/i-kring\/\" \/>\n<meta property=\"og:locale\" content=\"en_US\" \/>\n<meta property=\"og:type\" content=\"article\" \/>\n<meta property=\"og:title\" content=\"\u00cd kring - reykjavikroasters.is\" \/>\n<meta property=\"og:description\" content=\"\u201c\u00ed\u00a0Kring\u201d (\u201cAround,\u201d in English) is an ongoing series of exhibitions taking place all year round, with each session occurring a month at a time within our three locations at once.\" \/>\n<meta property=\"og:url\" content=\"https:\/\/reykjavikroasters.is\/en\/i-kring\/\" \/>\n<meta property=\"og:site_name\" content=\"reykjavikroasters.is\" \/>\n<meta property=\"article:publisher\" content=\"https:\/\/www.facebook.com\/ReykjavikRoasters\/\" \/>\n<meta property=\"article:modified_time\" content=\"2020-06-14T18:25:38+00:00\" \/>\n<meta property=\"og:image\" content=\"https:\/\/reykjavikroasters.is\/wp-content\/uploads\/2019\/05\/poster-i-kring-01.jpg\" \/>\n\t<meta property=\"og:image:width\" content=\"707\" \/>\n\t<meta property=\"og:image:height\" content=\"1000\" \/>\n\t<meta property=\"og:image:type\" content=\"image\/jpeg\" \/>\n<meta name=\"twitter:card\" content=\"summary_large_image\" \/>\n<meta name=\"twitter:site\" content=\"@RvkRoasters\" \/>\n<meta name=\"twitter:label1\" content=\"Est. reading time\" \/>\n\t<meta name=\"twitter:data1\" content=\"5 minutes\" \/>\n<script type=\"application\/ld+json\" class=\"yoast-schema-graph\">{\"@context\":\"https:\/\/schema.org\",\"@graph\":[{\"@type\":\"WebPage\",\"@id\":\"https:\/\/reykjavikroasters.is\/en\/i-kring\/\",\"url\":\"https:\/\/reykjavikroasters.is\/en\/i-kring\/\",\"name\":\"\u00cd kring - reykjavikroasters.is\",\"isPartOf\":{\"@id\":\"https:\/\/reykjavikroasters.is\/#website\"},\"primaryImageOfPage\":{\"@id\":\"https:\/\/reykjavikroasters.is\/en\/i-kring\/#primaryimage\"},\"image\":{\"@id\":\"https:\/\/reykjavikroasters.is\/en\/i-kring\/#primaryimage\"},\"thumbnailUrl\":\"https:\/\/reykjavikroasters.is\/wp-content\/uploads\/2019\/05\/poster-i-kring-01.jpg\",\"datePublished\":\"2019-05-07T18:40:23+00:00\",\"dateModified\":\"2020-06-14T18:25:38+00:00\",\"description\":\"\u201c\u00ed\u00a0Kring\u201d (\u201cAround,\u201d in English) is an ongoing series of exhibitions taking place all year round, with each session occurring a month at a time within our three locations at once.\",\"breadcrumb\":{\"@id\":\"https:\/\/reykjavikroasters.is\/en\/i-kring\/#breadcrumb\"},\"inLanguage\":\"en-US\",\"potentialAction\":[{\"@type\":\"ReadAction\",\"target\":[\"https:\/\/reykjavikroasters.is\/en\/i-kring\/\"]}]},{\"@type\":\"ImageObject\",\"inLanguage\":\"en-US\",\"@id\":\"https:\/\/reykjavikroasters.is\/en\/i-kring\/#primaryimage\",\"url\":\"https:\/\/reykjavikroasters.is\/wp-content\/uploads\/2019\/05\/poster-i-kring-01.jpg\",\"contentUrl\":\"https:\/\/reykjavikroasters.is\/wp-content\/uploads\/2019\/05\/poster-i-kring-01.jpg\",\"width\":707,\"height\":1000,\"caption\":\"poster i kring reykjavik roasters\"},{\"@type\":\"BreadcrumbList\",\"@id\":\"https:\/\/reykjavikroasters.is\/en\/i-kring\/#breadcrumb\",\"itemListElement\":[{\"@type\":\"ListItem\",\"position\":1,\"name\":\"Home\",\"item\":\"https:\/\/reykjavikroasters.is\/en\/\"},{\"@type\":\"ListItem\",\"position\":2,\"name\":\"\u00cd kring\"}]},{\"@type\":\"WebSite\",\"@id\":\"https:\/\/reykjavikroasters.is\/#website\",\"url\":\"https:\/\/reykjavikroasters.is\/\",\"name\":\"reykjavikroasters.is\",\"description\":\"\",\"potentialAction\":[{\"@type\":\"SearchAction\",\"target\":{\"@type\":\"EntryPoint\",\"urlTemplate\":\"https:\/\/reykjavikroasters.is\/?s={search_term_string}\"},\"query-input\":{\"@type\":\"PropertyValueSpecification\",\"valueRequired\":true,\"valueName\":\"search_term_string\"}}],\"inLanguage\":\"en-US\"}]}<\/script>\n<!-- \/ Yoast SEO plugin. -->","yoast_head_json":{"title":"\u00cd kring - reykjavikroasters.is","description":"\u201c\u00ed\u00a0Kring\u201d (\u201cAround,\u201d in English) is an ongoing series of exhibitions taking place all year round, with each session occurring a month at a time within our three locations at once.","robots":{"index":"index","follow":"follow","max-snippet":"max-snippet:-1","max-image-preview":"max-image-preview:large","max-video-preview":"max-video-preview:-1"},"canonical":"https:\/\/reykjavikroasters.is\/en\/i-kring\/","og_locale":"en_US","og_type":"article","og_title":"\u00cd kring - reykjavikroasters.is","og_description":"\u201c\u00ed\u00a0Kring\u201d (\u201cAround,\u201d in English) is an ongoing series of exhibitions taking place all year round, with each session occurring a month at a time within our three locations at once.","og_url":"https:\/\/reykjavikroasters.is\/en\/i-kring\/","og_site_name":"reykjavikroasters.is","article_publisher":"https:\/\/www.facebook.com\/ReykjavikRoasters\/","article_modified_time":"2020-06-14T18:25:38+00:00","og_image":[{"width":707,"height":1000,"url":"https:\/\/reykjavikroasters.is\/wp-content\/uploads\/2019\/05\/poster-i-kring-01.jpg","type":"image\/jpeg"}],"twitter_card":"summary_large_image","twitter_site":"@RvkRoasters","twitter_misc":{"Est. reading time":"5 minutes"},"schema":{"@context":"https:\/\/schema.org","@graph":[{"@type":"WebPage","@id":"https:\/\/reykjavikroasters.is\/en\/i-kring\/","url":"https:\/\/reykjavikroasters.is\/en\/i-kring\/","name":"\u00cd kring - reykjavikroasters.is","isPartOf":{"@id":"https:\/\/reykjavikroasters.is\/#website"},"primaryImageOfPage":{"@id":"https:\/\/reykjavikroasters.is\/en\/i-kring\/#primaryimage"},"image":{"@id":"https:\/\/reykjavikroasters.is\/en\/i-kring\/#primaryimage"},"thumbnailUrl":"https:\/\/reykjavikroasters.is\/wp-content\/uploads\/2019\/05\/poster-i-kring-01.jpg","datePublished":"2019-05-07T18:40:23+00:00","dateModified":"2020-06-14T18:25:38+00:00","description":"\u201c\u00ed\u00a0Kring\u201d (\u201cAround,\u201d in English) is an ongoing series of exhibitions taking place all year round, with each session occurring a month at a time within our three locations at once.","breadcrumb":{"@id":"https:\/\/reykjavikroasters.is\/en\/i-kring\/#breadcrumb"},"inLanguage":"en-US","potentialAction":[{"@type":"ReadAction","target":["https:\/\/reykjavikroasters.is\/en\/i-kring\/"]}]},{"@type":"ImageObject","inLanguage":"en-US","@id":"https:\/\/reykjavikroasters.is\/en\/i-kring\/#primaryimage","url":"https:\/\/reykjavikroasters.is\/wp-content\/uploads\/2019\/05\/poster-i-kring-01.jpg","contentUrl":"https:\/\/reykjavikroasters.is\/wp-content\/uploads\/2019\/05\/poster-i-kring-01.jpg","width":707,"height":1000,"caption":"poster i kring reykjavik roasters"},{"@type":"BreadcrumbList","@id":"https:\/\/reykjavikroasters.is\/en\/i-kring\/#breadcrumb","itemListElement":[{"@type":"ListItem","position":1,"name":"Home","item":"https:\/\/reykjavikroasters.is\/en\/"},{"@type":"ListItem","position":2,"name":"\u00cd kring"}]},{"@type":"WebSite","@id":"https:\/\/reykjavikroasters.is\/#website","url":"https:\/\/reykjavikroasters.is\/","name":"reykjavikroasters.is","description":"","potentialAction":[{"@type":"SearchAction","target":{"@type":"EntryPoint","urlTemplate":"https:\/\/reykjavikroasters.is\/?s={search_term_string}"},"query-input":{"@type":"PropertyValueSpecification","valueRequired":true,"valueName":"search_term_string"}}],"inLanguage":"en-US"}]}},"_links":{"self":[{"href":"https:\/\/reykjavikroasters.is\/en\/wp-json\/wp\/v2\/pages\/1692","targetHints":{"allow":["GET"]}}],"collection":[{"href":"https:\/\/reykjavikroasters.is\/en\/wp-json\/wp\/v2\/pages"}],"about":[{"href":"https:\/\/reykjavikroasters.is\/en\/wp-json\/wp\/v2\/types\/page"}],"author":[{"embeddable":true,"href":"https:\/\/reykjavikroasters.is\/en\/wp-json\/wp\/v2\/users\/3"}],"replies":[{"embeddable":true,"href":"https:\/\/reykjavikroasters.is\/en\/wp-json\/wp\/v2\/comments?post=1692"}],"version-history":[{"count":5,"href":"https:\/\/reykjavikroasters.is\/en\/wp-json\/wp\/v2\/pages\/1692\/revisions"}],"predecessor-version":[{"id":10822,"href":"https:\/\/reykjavikroasters.is\/en\/wp-json\/wp\/v2\/pages\/1692\/revisions\/10822"}],"wp:featuredmedia":[{"embeddable":true,"href":"https:\/\/reykjavikroasters.is\/en\/wp-json\/wp\/v2\/media\/1835"}],"wp:attachment":[{"href":"https:\/\/reykjavikroasters.is\/en\/wp-json\/wp\/v2\/media?parent=1692"}],"curies":[{"name":"wp","href":"https:\/\/api.w.org\/{rel}","templated":true}]}}